{"id":406,"date":"2023-05-15T16:20:00","date_gmt":"2023-05-15T16:20:00","guid":{"rendered":"https:\/\/excursionskim.com\/excursions\/"},"modified":"2023-06-04T21:21:36","modified_gmt":"2023-06-04T21:21:36","slug":"busausfluege","status":"publish","type":"page","link":"https:\/\/excursionskim.com\/de\/busausfluege\/","title":{"rendered":"Busausfl\u00fcge"},"content":{"rendered":"<p>[et_pb_section fb_built=&#8220;1&#8243; _builder_version=&#8220;4.21.0&#8243; _module_preset=&#8220;default&#8220; custom_padding=&#8220;||2px|||&#8220; global_colors_info=&#8220;{}&#8220;][et_pb_row _builder_version=&#8220;4.21.0&#8243; _module_preset=&#8220;default&#8220; global_colors_info=&#8220;{}&#8220;][et_pb_column type=&#8220;4_4&#8243; _builder_version=&#8220;4.21.0&#8243; _module_preset=&#8220;default&#8220; global_colors_info=&#8220;{}&#8220;][et_pb_text _builder_version=&#8220;4.21.0&#8243; _module_preset=&#8220;c16985e1-e0d6-4022-964d-e2bfc04fa633&#8243; header_font=&#8220;Cinzel||||||||&#8220; header_text_color=&#8220;#000000&#8243; header_font_size=&#8220;90px&#8220; header_3_text_color=&#8220;#000000&#8243; background_layout=&#8220;dark&#8220; header_font_size_tablet=&#8220;40px&#8220; header_font_size_phone=&#8220;38px&#8220; header_font_size_last_edited=&#8220;on|desktop&#8220; text_text_shadow_style=&#8220;preset3&#8243; header_3_text_shadow_style=&#8220;preset3&#8243; header_3_text_shadow_horizontal_length=&#8220;-0.1em&#8220; global_colors_info=&#8220;{}&#8220;]<\/p>\n<h1 style=\"text-align: center;\">Busausfl\u00fcge<\/h1>\n<h3 style=\"text-align: center;\">wir empfehlen<\/h3>\n<p>[\/et_pb_text][\/et_pb_column][\/et_pb_row][\/et_pb_section][et_pb_section fb_built=&#8220;1&#8243; _builder_version=&#8220;4.21.0&#8243; _module_preset=&#8220;default&#8220; min_height=&#8220;848.7px&#8220; custom_margin=&#8220;||2px|||&#8220; custom_padding=&#8220;||2px|||&#8220; global_colors_info=&#8220;{}&#8220;][et_pb_row _builder_version=&#8220;4.21.0&#8243; _module_preset=&#8220;default&#8220; global_colors_info=&#8220;{}&#8220;][et_pb_column type=&#8220;4_4&#8243; _builder_version=&#8220;4.21.0&#8243; _module_preset=&#8220;default&#8220; global_colors_info=&#8220;{}&#8220;][et_pb_divider color=&#8220;#000000&#8243; _builder_version=&#8220;4.21.0&#8243; _module_preset=&#8220;default&#8220; global_colors_info=&#8220;{}&#8220;][\/et_pb_divider][\/et_pb_column][\/et_pb_row][et_pb_row column_structure=&#8220;2_5,3_5&#8243; _builder_version=&#8220;4.21.0&#8243; _module_preset=&#8220;default&#8220; global_colors_info=&#8220;{}&#8220;][et_pb_column type=&#8220;2_5&#8243; _builder_version=&#8220;4.21.0&#8243; _module_preset=&#8220;default&#8220; global_colors_info=&#8220;{}&#8220;][et_pb_text _builder_version=&#8220;4.21.0&#8243; _module_preset=&#8220;default&#8220; header_4_text_shadow_style=&#8220;preset3&#8243; global_colors_info=&#8220;{}&#8220;]<\/p>\n<h4 style=\"text-align: center;\">Teide, Icod, Garachico, and Masca<\/h4>\n<p>[\/et_pb_text][et_pb_image src=&#8220;https:\/\/excursionskim.com\/wp-content\/uploads\/2023\/05\/masca-3198651_1920.jpg&#8220; title_text=&#8220;masca-3198651_1920&#8243; _builder_version=&#8220;4.21.0&#8243; _module_preset=&#8220;default&#8220; box_shadow_style=&#8220;preset1&#8243; global_colors_info=&#8220;{}&#8220;][\/et_pb_image][\/et_pb_column][et_pb_column type=&#8220;3_5&#8243; _builder_version=&#8220;4.21.0&#8243; _module_preset=&#8220;default&#8220; global_colors_info=&#8220;{}&#8220;][et_pb_text _builder_version=&#8220;4.21.0&#8243; _module_preset=&#8220;default&#8220; header_4_text_shadow_style=&#8220;preset3&#8243; global_colors_info=&#8220;{}&#8220;]<\/p>\n<p>Maximal 33 Personen im Bus mit englischsprachiger F\u00fchrung. Abfahrt ca. 08:30 Uhr bis ca. 17:00 Uhr.<\/p>\n<p>Entdecken Sie die atemberaubende Sch\u00f6nheit Teneriffas auf unserem Ausflug zum Teide, Icod, Garachico und Masca. Mit englischsprachiger F\u00fchrung an Bord versprechen wir Ihnen ein unvergessliches Abenteuer voller Nervenkitzel und Spannung.<\/p>\n<p>Wir beginnen unsere Reise mit einem Stopp in Vilaflor, bevor wir den atemberaubenden Nationalpark Las Ca\u00f1adas del Teide betreten. Dort werden Sie von der unvergesslichen Mondlandschaft begeistert sein, die sich vor Ihren Augen entfaltet. Nach diesem magischen Erlebnis setzen wir unsere Route in Richtung Icod de los Vinos fort, wo der ber\u00fchmte tausendj\u00e4hrige \u201eDrago\u201c-Baum auf Sie wartet.<\/p>\n<p>Als n\u00e4chstes fahren wir weiter nach Garachico, einem charmanten Dorf an der Nordk\u00fcste der Insel. Einst durch einen Vulkanausbruch im Jahr 1706 zerst\u00f6rt, wurde Garachico wieder aufgebaut und ist heute ein einzigartiges Reiseziel. Hier haben Sie Zeit, ein Mittagessen Ihrer Wahl zu genie\u00dfen (nicht im Preis inbegriffen).<\/p>\n<p>Unser letzter Stopp f\u00fchrt uns in das malerische Dorf Masca, wo Sie atemberaubende Ausblicke auf tiefe Schluchten und beeindruckende Landschaften genie\u00dfen k\u00f6nnen. Es ist ein Ort, den Sie w\u00e4hrend Ihres Aufenthalts auf Teneriffa auf keinen Fall verpassen sollten.<\/p>\n<p>Buchen Sie noch heute Ihren Platz f\u00fcr diesen fantastischen Ausflug und lassen Sie sich von uns auf ein Abenteuer entf\u00fchren, das einen bleibenden Eindruck hinterlassen wird.<\/p>\n<p>[\/et_pb_text][\/et_pb_column][\/et_pb_row][et_pb_row _builder_version=&#8220;4.21.0&#8243; _module_preset=&#8220;default&#8220; global_colors_info=&#8220;{}&#8220;][et_pb_column type=&#8220;4_4&#8243; _builder_version=&#8220;4.21.0&#8243; _module_preset=&#8220;default&#8220; global_colors_info=&#8220;{}&#8220;][et_pb_divider color=&#8220;#000000&#8243; _builder_version=&#8220;4.21.0&#8243; _module_preset=&#8220;default&#8220; global_colors_info=&#8220;{}&#8220;][\/et_pb_divider][\/et_pb_column][\/et_pb_row][\/et_pb_section][et_pb_section fb_built=&#8220;1&#8243; _builder_version=&#8220;4.21.0&#8243; _module_preset=&#8220;default&#8220; custom_padding=&#8220;1px|||||&#8220; global_colors_info=&#8220;{}&#8220;][et_pb_row column_structure=&#8220;2_5,3_5&#8243; _builder_version=&#8220;4.21.0&#8243; _module_preset=&#8220;default&#8220; global_colors_info=&#8220;{}&#8220;][et_pb_column type=&#8220;2_5&#8243; _builder_version=&#8220;4.21.0&#8243; _module_preset=&#8220;default&#8220; global_colors_info=&#8220;{}&#8220;][et_pb_text _builder_version=&#8220;4.21.0&#8243; _module_preset=&#8220;default&#8220; header_4_text_shadow_style=&#8220;preset3&#8243; global_colors_info=&#8220;{}&#8220;]<\/p>\n<h4 style=\"text-align: center;\">St. Cruz, Taganana, and La Laguna<\/h4>\n<p>[\/et_pb_text][et_pb_image src=&#8220;https:\/\/excursionskim.com\/wp-content\/uploads\/2023\/05\/beach-406441_1920.jpg&#8220; title_text=&#8220;beach-406441_1920&#8243; _builder_version=&#8220;4.21.0&#8243; _module_preset=&#8220;default&#8220; box_shadow_style=&#8220;preset1&#8243; global_colors_info=&#8220;{}&#8220;][\/et_pb_image][\/et_pb_column][et_pb_column type=&#8220;3_5&#8243; _builder_version=&#8220;4.21.0&#8243; _module_preset=&#8220;default&#8220; global_colors_info=&#8220;{}&#8220;][et_pb_text _builder_version=&#8220;4.21.0&#8243; _module_preset=&#8220;default&#8220; header_4_text_shadow_style=&#8220;preset3&#8243; global_colors_info=&#8220;{}&#8220;]<\/p>\n<p>Standardbus mit englischsprachiger F\u00fchrung. Abfahrt ca. 08:00\/08:30 Uhr bis ca. 17:00 Uhr.<\/p>\n<p>Entdecken Sie das bezaubernde Teneriffa auf unserem Ausflug nach St. Cruz, Taganana und La Laguna. Mit einer perfekt zusammengestellten Reiseroute versprechen wir Ihnen einen unvergesslichen Tag voller Abenteuer und Entdeckungen.<\/p>\n<p>Wir beginnen unsere Reise in Santa Cruz, der pulsierenden Hauptstadt Teneriffas. Hier entdecken Sie die ber\u00fchmte \u201ePlaza de Espa\u00f1a\u201c und die \u201ePlaza de la Concepci\u00f3n\u201c. Dar\u00fcber hinaus bietet diese Stadt die besten Einkaufsm\u00f6glichkeiten, bei denen Sie nach Herzenslust shoppen und Souvenirs f\u00fcr zu Hause finden k\u00f6nnen.<\/p>\n<p>Als n\u00e4chstes fahren wir in Richtung Taganana und kommen dabei am traditionellen Fischerdorf San Andr\u00e9s vorbei. Hier k\u00f6nnen Sie den einzigartigen wei\u00dfen Sandstrand Teneriffas, Las Teresitas, genie\u00dfen. Taganana selbst ist ein atemberaubendes, malerisches Dorf, das f\u00fcr seinen frischen Fisch bekannt ist. Sie haben Zeit, sich ein k\u00f6stliches Mittagessen zu g\u00f6nnen (nicht im Preis inbegriffen).<\/p>\n<p>Auf dem R\u00fcckweg werden Sie von der bezaubernden Sch\u00f6nheit des Mercedes-Waldes und der historischen Stadt La Laguna, einst die alte Hauptstadt der Insel, begeistert sein. La Laguna geh\u00f6rt zum UNESCO-Weltkulturerbe und bietet eine reiche Geschichte und bezaubernde Architektur zum Erkunden.<\/p>\n<p>Lassen Sie sich diesen einzigartigen Ausflug nicht entgehen und buchen Sie noch heute Ihren Platz. Lassen Sie sich von uns auf eine Reise voller Entdeckungen und unvergesslicher Erlebnisse auf der wundersch\u00f6nen Insel Teneriffa entf\u00fchren.<\/p>\n<p>[\/et_pb_text][\/et_pb_column][\/et_pb_row][et_pb_row _builder_version=&#8220;4.21.0&#8243; _module_preset=&#8220;default&#8220; global_colors_info=&#8220;{}&#8220;][et_pb_column type=&#8220;4_4&#8243; _builder_version=&#8220;4.21.0&#8243; _module_preset=&#8220;default&#8220; global_colors_info=&#8220;{}&#8220;][et_pb_divider color=&#8220;#000000&#8243; _builder_version=&#8220;4.21.0&#8243; _module_preset=&#8220;default&#8220; global_colors_info=&#8220;{}&#8220;][\/et_pb_divider][\/et_pb_column][\/et_pb_row][et_pb_row column_structure=&#8220;2_5,3_5&#8243; _builder_version=&#8220;4.21.0&#8243; _module_preset=&#8220;default&#8220; global_colors_info=&#8220;{}&#8220;][et_pb_column type=&#8220;2_5&#8243; _builder_version=&#8220;4.21.0&#8243; _module_preset=&#8220;default&#8220; global_colors_info=&#8220;{}&#8220;][et_pb_text _builder_version=&#8220;4.21.0&#8243; _module_preset=&#8220;default&#8220; header_4_text_shadow_style=&#8220;preset3&#8243; global_colors_info=&#8220;{}&#8220;]<\/p>\n<h4 style=\"text-align: left;\">Los Gigantes, Garachico, Icod de los Vinos, Puerto de la cruz, La Orotava, Candelaria<\/h4>\n<p>[\/et_pb_text][et_pb_image src=&#8220;https:\/\/excursionskim.com\/wp-content\/uploads\/2023\/05\/dragon-tree-347596_1920.jpg&#8220; title_text=&#8220;dragon-tree-347596_1920&#8243; _builder_version=&#8220;4.21.0&#8243; _module_preset=&#8220;default&#8220; global_colors_info=&#8220;{}&#8220;][\/et_pb_image][et_pb_image src=&#8220;https:\/\/excursionskim.com\/wp-content\/uploads\/2023\/05\/los-gigantes.jpeg&#8220; title_text=&#8220;los gigantes&#8220; _builder_version=&#8220;4.21.0&#8243; _module_preset=&#8220;default&#8220; box_shadow_style=&#8220;preset1&#8243; global_colors_info=&#8220;{}&#8220;][\/et_pb_image][\/et_pb_column][et_pb_column type=&#8220;3_5&#8243; _builder_version=&#8220;4.21.0&#8243; _module_preset=&#8220;default&#8220; global_colors_info=&#8220;{}&#8220;][et_pb_text _builder_version=&#8220;4.21.0&#8243; _module_preset=&#8220;default&#8220; header_4_text_shadow_style=&#8220;preset3&#8243; global_colors_info=&#8220;{}&#8220;]<\/p>\n<p>Erleben Sie das ultimative Abenteuer, w\u00e4hrend wir Sie auf unserem sensationellen Ausflug nach Los Gigantes, Garachico, Puerto de la Cruz, La Orotava und Candelaria auf eine Reise durch die bezaubernden Wunder Teneriffas mitnehmen.<\/p>\n<p>Steigen Sie in Begleitung einer englischsprachigen Reiseleitung in unseren komfortablen Bus und bereiten Sie sich auf einen unvergesslichen Tag voller beeindruckender Sehensw\u00fcrdigkeiten vor. Wir starten gegen 08:00\/08:30 Uhr und begeben uns auf eine spannende Expedition, die Ihnen bis etwa 17:00 Uhr den Atem rauben wird.<\/p>\n<p>Lassen Sie sich von den atemberaubenden Klippen von Los Gigantes faszinieren, die sich majest\u00e4tisch und majest\u00e4tisch vor der azurblauen Kulisse des Atlantischen Ozeans erheben. Erfassen Sie atemberaubende Panoramablicke auf Garachico, eine malerische K\u00fcstenstadt mit faszinierender Geschichte und fesselndem Charme.<\/p>\n<p>Tauchen Sie ein in den Charme von Icod de los Vinos, einem malerischen Dorf, das f\u00fcr seinen legend\u00e4ren tausendj\u00e4hrigen \u201eDrago\u201c-Baum bekannt ist, ein Symbol f\u00fcr Widerstandsf\u00e4higkeit und nat\u00fcrliche Sch\u00f6nheit.<\/p>\n<p>Als n\u00e4chstes machen wir uns auf den Weg in die pulsierende Stadt Puerto de la Cruz, wo Sie ausreichend Zeit zum Einkaufen, Erkunden und Genie\u00dfen der lokalen K\u00f6stlichkeiten haben. Genie\u00dfen Sie die lebendige Atmosph\u00e4re und das einzigartige Ambiente dieses K\u00fcstenjuwels.<\/p>\n<p>Erkunden Sie die verwinkelten Gassen von La Orotava, die f\u00fcr ihre alten Holzbalkone ber\u00fchmt sind, und lassen Sie sich von ihrem zeitlosen Charme verzaubern.<\/p>\n<p>Kein Besuch auf Teneriffa ist vollst\u00e4ndig, ohne den Zauber von Candelaria zu erleben. Bewundern Sie die ikonische Statue der \u201eSchwarzen Madonna\u201c, der beliebten Schutzpatronin der Inseln, und entdecken Sie die tiefe kulturelle Bedeutung, die dieses verehrte Denkmal umgibt.<\/p>\n<p>Dieser au\u00dfergew\u00f6hnliche Ausflug bietet einen echten Einblick in die Wunder dieser herrlichen Insel und zeigt ihre vielf\u00e4ltigen Landschaften, ihr reiches Erbe und ihre unbestreitbare Sch\u00f6nheit. Lassen Sie sich diese au\u00dfergew\u00f6hnliche Gelegenheit, die Sch\u00e4tze Teneriffas zu entdecken, nicht entgehen. Buchen Sie noch heute Ihren Platz und begeben Sie sich auf eine Reise, die Ihnen unvergessliche Erinnerungen hinterlassen wird<\/p>\n<p>[\/et_pb_text][\/et_pb_column][\/et_pb_row][et_pb_row _builder_version=&#8220;4.21.0&#8243; _module_preset=&#8220;default&#8220; global_colors_info=&#8220;{}&#8220;][et_pb_column type=&#8220;4_4&#8243; _builder_version=&#8220;4.21.0&#8243; _module_preset=&#8220;default&#8220; global_colors_info=&#8220;{}&#8220;][et_pb_divider color=&#8220;#000000&#8243; _builder_version=&#8220;4.21.0&#8243; _module_preset=&#8220;default&#8220; global_colors_info=&#8220;{}&#8220;][\/et_pb_divider][\/et_pb_column][\/et_pb_row][et_pb_row column_structure=&#8220;2_5,3_5&#8243; _builder_version=&#8220;4.21.0&#8243; _module_preset=&#8220;default&#8220; global_colors_info=&#8220;{}&#8220;][et_pb_column type=&#8220;2_5&#8243; _builder_version=&#8220;4.21.0&#8243; _module_preset=&#8220;default&#8220; global_colors_info=&#8220;{}&#8220;][et_pb_text _builder_version=&#8220;4.21.0&#8243; _module_preset=&#8220;default&#8220; header_4_text_shadow_style=&#8220;preset3&#8243; global_colors_info=&#8220;{}&#8220;]<\/p>\n<h4 style=\"text-align: center;\">La Gomera<\/h4>\n<p>[\/et_pb_text][et_pb_image src=&#8220;https:\/\/excursionskim.com\/wp-content\/uploads\/2023\/05\/silva.jpeg&#8220; title_text=&#8220;silva&#8220; align=&#8220;center&#8220; _builder_version=&#8220;4.21.0&#8243; _module_preset=&#8220;default&#8220; width=&#8220;100%&#8220; max_width=&#8220;100%&#8220; height=&#8220;240px&#8220; max_height=&#8220;1000px&#8220; box_shadow_style=&#8220;preset1&#8243; global_colors_info=&#8220;{}&#8220;][\/et_pb_image][et_pb_image src=&#8220;https:\/\/excursionskim.com\/wp-content\/uploads\/2023\/05\/road-7113873_1920.jpg&#8220; title_text=&#8220;road-7113873_1920&#8243; align=&#8220;center&#8220; _builder_version=&#8220;4.21.0&#8243; _module_preset=&#8220;default&#8220; module_alignment=&#8220;left&#8220; height=&#8220;389px&#8220; box_shadow_style=&#8220;preset1&#8243; global_colors_info=&#8220;{}&#8220;][\/et_pb_image][\/et_pb_column][et_pb_column type=&#8220;3_5&#8243; _builder_version=&#8220;4.21.0&#8243; _module_preset=&#8220;default&#8220; global_colors_info=&#8220;{}&#8220;][et_pb_text _builder_version=&#8220;4.21.0&#8243; _module_preset=&#8220;default&#8220; header_4_text_shadow_style=&#8220;preset3&#8243; global_colors_info=&#8220;{}&#8220;]<\/p>\n<p>Standardbus mit optionaler deutscher F\u00fchrung. Abfahrt gegen 07:30\/08:00 Uhr in Richtung Hafen von Los Cristianos.<\/p>\n<p>Entdecken Sie die bezaubernde Insel La Gomera, die zum UNESCO-Weltkulturerbe erkl\u00e4rt wurde. Wir beginnen unsere Reise im Hafen von Los Cristianos, wo wir eine moderne F\u00e4hre besteigen, die uns in die Hauptstadt San Sebasti\u00e1n bringt.<\/p>\n<p>In San Sebasti\u00e1n angekommen, nehmen wir die s\u00fcdliche Route und machen Halt an der beeindruckenden Felsformation \u201eRoque de Agando\u201c. Anschlie\u00dfend wagen wir uns tiefer in das Herz der \u201eLaguna Grande\u201c, einem einzigartigen Lorbeerwald, der zu einem Spaziergang durch \u00fcppige Vegetation aus dem Terti\u00e4r einl\u00e4dt.<\/p>\n<p>W\u00e4hrend wir durch unber\u00fchrte Landschaften reisen, machen wir uns auf den Weg zum Restaurant, wo wir ein k\u00f6stliches Mittagessen genie\u00dfen werden. Nach dem Mittagessen entdecken Sie die Geheimnisse von \u201eEl Silbo\u201c, der traditionellen Pfeifsprache von La Gomera, mit der in den tiefen T\u00e4lern und Schluchten der Insel kommuniziert wird.<\/p>\n<p>Auf dem R\u00fcckweg passieren wir malerische D\u00f6rfer wie Agulo und Hermigua, bevor wir nach San Sebasti\u00e1n zur\u00fcckkehren. Hier k\u00f6nnen Sie historische Geb\u00e4ude wie die Kirche \u201eAsunci\u00f3n\u201c und den ber\u00fchmten \u201eToren van de Graaf\u201c (Grafenturm) bewundern.<\/p>\n<p>Verpassen Sie nicht diese einmalige Gelegenheit, La Gomera zu erkunden und in die atemberaubende Natur, reiche Kultur und faszinierenden Traditionen dieser bezaubernden Insel einzutauchen. Buchen Sie noch heute Ihren Ausflug und machen Sie sich bereit f\u00fcr ein unvergessliches Abenteuer<\/p>\n<p>[\/et_pb_text][\/et_pb_column][\/et_pb_row][et_pb_row _builder_version=&#8220;4.21.0&#8243; _module_preset=&#8220;default&#8220; global_colors_info=&#8220;{}&#8220;][et_pb_column type=&#8220;4_4&#8243; _builder_version=&#8220;4.21.0&#8243; _module_preset=&#8220;default&#8220; global_colors_info=&#8220;{}&#8220;][et_pb_divider color=&#8220;#000000&#8243; _builder_version=&#8220;4.21.0&#8243; _module_preset=&#8220;default&#8220; global_colors_info=&#8220;{}&#8220;][\/et_pb_divider][\/et_pb_column][\/et_pb_row][et_pb_row column_structure=&#8220;2_5,3_5&#8243; _builder_version=&#8220;4.21.0&#8243; _module_preset=&#8220;default&#8220; global_colors_info=&#8220;{}&#8220;][et_pb_column type=&#8220;2_5&#8243; _builder_version=&#8220;4.21.0&#8243; _module_preset=&#8220;default&#8220; global_colors_info=&#8220;{}&#8220;][et_pb_text _builder_version=&#8220;4.21.0&#8243; _module_preset=&#8220;default&#8220; header_4_text_shadow_style=&#8220;preset3&#8243; global_colors_info=&#8220;{}&#8220;]<\/p>\n<h4 style=\"text-align: center;\">Teide by night<\/h4>\n<p>[\/et_pb_text][et_pb_image src=&#8220;https:\/\/excursionskim.com\/wp-content\/uploads\/2023\/06\/starlight.jpg&#8220; title_text=&#8220;starlight&#8220; align=&#8220;center&#8220; _builder_version=&#8220;4.21.0&#8243; _module_preset=&#8220;default&#8220; width=&#8220;100%&#8220; max_width=&#8220;100%&#8220; height=&#8220;240px&#8220; max_height=&#8220;1000px&#8220; box_shadow_style=&#8220;preset1&#8243; global_colors_info=&#8220;{}&#8220;][\/et_pb_image][\/et_pb_column][et_pb_column type=&#8220;3_5&#8243; _builder_version=&#8220;4.21.0&#8243; _module_preset=&#8220;default&#8220; global_colors_info=&#8220;{}&#8220;][et_pb_text _builder_version=&#8220;4.21.0&#8243; _module_preset=&#8220;default&#8220; header_4_text_shadow_style=&#8220;preset3&#8243; global_colors_info=&#8220;{}&#8220;]<\/p>\n<p>Beobachten Sie den Sonnenuntergang und sto\u00dfen Sie auf den Sonnenuntergang und die Sternenbeobachtung an, w\u00e4hrend Sie in dieser atemberaubenden Landschaft kostenlosen Cava genie\u00dfen. Wenden Sie sich nach und nach den satten und kr\u00e4ftigen Farben Rosa, Rot und Lila zu und halten Sie Ihre Kamera bereit, um die kr\u00e4ftigen Silhouetten und den dramatisch aussehenden Himmel einzufangen.<br \/>Im Nationalpark Las Ca\u00f1adas herrschen Himmel und atmosph\u00e4rische Bedingungen, die zu den besten der Welt f\u00fcr astronomische Beobachtungen geh\u00f6ren. Der Teide-Nationalpark wurde zum \u201eStarlight Destination\u201c gek\u00fcrt, da er einer der besten Orte ist, um fernab von Lichtverschmutzung die Sterne zu beobachten. Entdecken Sie die Wunder des Nachthimmels, sobald die Dunkelheit hereingebrochen ist. Ihr professioneller Guide zeigt Ihnen mit Lasertechnik den Nachthimmel, Sie sehen nicht nur die unterschiedlichsten Sterne und Sternbilder am Teide, sondern lernen dank unseres Teleskops auch den Deep Sky, Geschichten und Legenden dar\u00fcber kennen Mythologie.<\/p>\n<p>[\/et_pb_text][\/et_pb_column][\/et_pb_row][et_pb_row _builder_version=&#8220;4.21.0&#8243; _module_preset=&#8220;default&#8220; global_colors_info=&#8220;{}&#8220;][et_pb_column type=&#8220;4_4&#8243; _builder_version=&#8220;4.21.0&#8243; _module_preset=&#8220;default&#8220; global_colors_info=&#8220;{}&#8220;][et_pb_divider color=&#8220;#000000&#8243; _builder_version=&#8220;4.21.0&#8243; _module_preset=&#8220;default&#8220; global_colors_info=&#8220;{}&#8220;][\/et_pb_divider][\/et_pb_column][\/et_pb_row][\/et_pb_section]<\/p>\n","protected":false},"excerpt":{"rendered":"<p>Busausfl\u00fcge wir empfehlenTeide, Icod, Garachico, and MascaMaximal 33 Personen im Bus mit englischsprachiger F\u00fchrung. Abfahrt ca. 08:30 Uhr bis ca. 17:00 Uhr. Entdecken Sie die atemberaubende Sch\u00f6nheit Teneriffas auf unserem Ausflug zum Teide, Icod, Garachico und Masca. Mit englischsprachiger F\u00fchrung an Bord versprechen wir Ihnen ein unvergessliches Abenteuer voller Nervenkitzel und Spannung. Wir beginnen unsere [&hellip;]<\/p>\n","protected":false},"author":2,"featured_media":0,"parent":0,"menu_order":0,"comment_status":"closed","ping_status":"closed","template":"","meta":{"_et_pb_use_builder":"on","_et_pb_old_content":"","_et_gb_content_width":"","_coblocks_attr":"","_coblocks_dimensions":"","_coblocks_responsive_height":"","_coblocks_accordion_ie_support":"","footnotes":""},"class_list":["post-406","page","type-page","status-publish","hentry"],"_links":{"self":[{"href":"https:\/\/excursionskim.com\/de\/wp-json\/wp\/v2\/pages\/406","targetHints":{"allow":["GET"]}}],"collection":[{"href":"https:\/\/excursionskim.com\/de\/wp-json\/wp\/v2\/pages"}],"about":[{"href":"https:\/\/excursionskim.com\/de\/wp-json\/wp\/v2\/types\/page"}],"author":[{"embeddable":true,"href":"https:\/\/excursionskim.com\/de\/wp-json\/wp\/v2\/users\/2"}],"replies":[{"embeddable":true,"href":"https:\/\/excursionskim.com\/de\/wp-json\/wp\/v2\/comments?post=406"}],"version-history":[{"count":10,"href":"https:\/\/excursionskim.com\/de\/wp-json\/wp\/v2\/pages\/406\/revisions"}],"predecessor-version":[{"id":687,"href":"https:\/\/excursionskim.com\/de\/wp-json\/wp\/v2\/pages\/406\/revisions\/687"}],"wp:attachment":[{"href":"https:\/\/excursionskim.com\/de\/wp-json\/wp\/v2\/media?parent=406"}],"curies":[{"name":"wp","href":"https:\/\/api.w.org\/{rel}","templated":true}]}}