{"id":415,"date":"2023-05-14T20:06:11","date_gmt":"2023-05-14T20:06:11","guid":{"rendered":"https:\/\/excursionskim.com\/about\/"},"modified":"2023-06-04T21:15:01","modified_gmt":"2023-06-04T21:15:01","slug":"ueber-uns","status":"publish","type":"page","link":"https:\/\/excursionskim.com\/de\/ueber-uns\/","title":{"rendered":"\u00dcber uns"},"content":{"rendered":"<p>[et_pb_section fb_built=&#8220;1&#8243; admin_label=&#8220;Services&#8220; _builder_version=&#8220;4.18.0&#8243; _module_preset=&#8220;default&#8220; min_height=&#8220;979.8px&#8220; locked=&#8220;off&#8220; collapsed=&#8220;on&#8220; global_colors_info=&#8220;{}&#8220;][et_pb_row _builder_version=&#8220;4.18.0&#8243; _module_preset=&#8220;default&#8220; global_colors_info=&#8220;{}&#8220;][et_pb_column type=&#8220;4_4&#8243; _builder_version=&#8220;4.18.0&#8243; _module_preset=&#8220;default&#8220; global_colors_info=&#8220;{}&#8220;][et_pb_text _builder_version=&#8220;4.21.0&#8243; _module_preset=&#8220;b327cbe4-b1d5-4b66-ad37-40c8f2f061ba&#8220; header_2_font=&#8220;Cinzel||||||||&#8220; header_2_text_color=&#8220;gcid-e010f2a6-5bcc-4cbf-902a-b2f60822625a&#8220; header_2_font_size=&#8220;52px&#8220; header_2_line_height=&#8220;1.2em&#8220; text_orientation=&#8220;center&#8220; header_2_font_size_tablet=&#8220;32px&#8220; header_2_font_size_phone=&#8220;20px&#8220; header_2_font_size_last_edited=&#8220;on|desktop&#8220; global_colors_info=&#8220;{%22gcid-e010f2a6-5bcc-4cbf-902a-b2f60822625a%22:%91%22header_2_text_color%22%93}&#8220;]<\/p>\n<h2>\u00dcber uns<\/h2>\n<p style=\"text-align: center;\">\n<p>[\/et_pb_text][\/et_pb_column][\/et_pb_row][et_pb_row column_structure=&#8220;1_2,1_2&#8243; _builder_version=&#8220;4.21.0&#8243; _module_preset=&#8220;default&#8220; global_colors_info=&#8220;{}&#8220;][et_pb_column type=&#8220;1_2&#8243; _builder_version=&#8220;4.21.0&#8243; _module_preset=&#8220;default&#8220; global_colors_info=&#8220;{}&#8220;][et_pb_video src=&#8220;https:\/\/youtube.com\/shorts\/6WthhCiTVJI&#8220; thumbnail_overlay_color=&#8220;#FFFFFF&#8220; _builder_version=&#8220;4.21.0&#8243; _module_preset=&#8220;default&#8220; width=&#8220;100%&#8220; max_width=&#8220;100%&#8220; custom_margin=&#8220;||1px|||&#8220; global_colors_info=&#8220;{}&#8220;][\/et_pb_video][\/et_pb_column][et_pb_column type=&#8220;1_2&#8243; _builder_version=&#8220;4.18.0&#8243; _module_preset=&#8220;default&#8220; global_colors_info=&#8220;{}&#8220;][et_pb_text _builder_version=&#8220;4.21.0&#8243; _module_preset=&#8220;aaa7c440-590a-4078-ae0c-0f3c699ac51c&#8220; header_font=&#8220;||||||||&#8220; header_3_font=&#8220;Cinzel||||||||&#8220; header_3_font_size=&#8220;24px&#8220; header_3_line_height=&#8220;1.4em&#8220; custom_margin=&#8220;||10px||false|false&#8220; header_3_font_size_tablet=&#8220;20px&#8220; header_3_font_size_phone=&#8220;16px&#8220; header_3_font_size_last_edited=&#8220;on|phone&#8220; global_colors_info=&#8220;{}&#8220;]<\/p>\n<h3 class=\"p1\">Wir sind das ultimative Ziel<\/h3>\n<p>[\/et_pb_text][et_pb_text _builder_version=&#8220;4.21.0&#8243; _module_preset=&#8220;4c43b4b6-66bf-432d-959a-705bda24a650&#8243; text_font=&#8220;Poppins||||||||&#8220; text_line_height=&#8220;1.65em&#8220; header_font_size_tablet=&#8220;55px&#8220; header_font_size_last_edited=&#8220;off|desktop&#8220; locked=&#8220;off&#8220; global_colors_info=&#8220;{}&#8220; custom_padding=&#8220;0px|||||&#8220;]<\/p>\n<p>f\u00fcr Abenteuerlustige und Nervenkitzel-Enthusiasten auf Teneriffa. Wir sind darauf spezialisiert, aufregende Ausfl\u00fcge anzubieten, die Ihnen den Atem rauben und unvergessliche Erinnerungen hinterlassen.<\/p>\n<p>Bei Excursionskim.com verstehen wir, dass Sie nicht nur auf der Suche nach einem typischen Urlaubserlebnis sind. Sie sehnen sich nach Aufregung, Adrenalin und dem Nervenkitzel, neue Horizonte zu erkunden. Aus diesem Grund haben wir eine Auswahl an atemberaubenden Abenteuern zusammengestellt, die selbst die mutigsten Geister zufrieden stellen.<\/p>\n<p>Unser Team aus erfahrenen Fachleuten ist bestrebt, Ihnen ab dem Zeitpunkt der Buchung Ihres Ausflugs einen au\u00dfergew\u00f6hnlichen Service zu bieten. Wir sind stolz darauf, einen nahtlosen und problemlosen Buchungsprozess anbieten zu k\u00f6nnen, damit Sie sich auf die Vorfreude auf Ihr bevorstehendes Abenteuer konzentrieren k\u00f6nnen.<\/p>\n<p>Vom Schweben \u00fcber atemberaubende Landschaften bei einem aufregenden Gleitschirm-Erlebnis bis zum Eintauchen in das kristallklare Wasser bei einem adrenalingeladenen Tauchausflug haben wir jedes Abenteuer sorgf\u00e4ltig ausgew\u00e4hlt, um Ihnen den ultimativen Nervenkitzel zu bieten.<\/p>\n<p>Wir verstehen, dass Sicherheit bei aufregenden Aktivit\u00e4ten oberste Priorit\u00e4t hat. Deshalb arbeiten wir nur mit zertifizierten Guides und Betreibern zusammen, bei denen Ihr Wohlbefinden im Vordergrund steht. Sie k\u00f6nnen sicher sein, dass jedes von uns angebotene Abenteuer strengen Sicherheitsstandards entspricht, sodass Sie voll und ganz in den Nervenkitzel eintauchen und sich gleichzeitig sicher und gesch\u00fctzt f\u00fchlen k\u00f6nnen.<\/p>\n<p>Als abenteuerorientiertes Unternehmen setzen wir uns daf\u00fcr ein, die nat\u00fcrliche Sch\u00f6nheit Teneriffas zu bewahren. Wir f\u00f6rdern nachhaltige Tourismuspraktiken und arbeiten eng mit den \u00f6rtlichen Gemeinden zusammen, um sicherzustellen, dass unsere Ausfl\u00fcge einen positiven Einfluss sowohl auf die Umwelt als auch auf die lokale Wirtschaft haben.<\/p>\n<p>Ganz gleich, ob Sie ein erfahrener Adrenalin-Junkie oder ein Neuling auf der Suche nach Nervenkitzel sind: Excursionskim.com bietet ein Abenteuer, das Ihre Erwartungen erf\u00fcllen und \u00fcbertreffen wird. Begeben Sie sich mit uns auf eine Reise und lassen Sie Ihrer Abenteuerlust freien Lauf.<\/p>\n<p>Machen Sie sich bereit f\u00fcr den Nervenkitzel Ihres Lebens mit Excursionskim.com, Ihrem Tor zu unvergesslichen Abenteuern auf Teneriffa.<\/p>\n<p>Lass das Abenteuer beginnen,<br \/>\/ Kim<\/p>\n<p>[\/et_pb_text][\/et_pb_column][\/et_pb_row][\/et_pb_section]<\/p>\n","protected":false},"excerpt":{"rendered":"<p>\u00dcber uns Wir sind das ultimative Zielf\u00fcr Abenteuerlustige und Nervenkitzel-Enthusiasten auf Teneriffa. Wir sind darauf spezialisiert, aufregende Ausfl\u00fcge anzubieten, die Ihnen den Atem rauben und unvergessliche Erinnerungen hinterlassen. Bei Excursionskim.com verstehen wir, dass Sie nicht nur auf der Suche nach einem typischen Urlaubserlebnis sind. Sie sehnen sich nach Aufregung, Adrenalin und dem Nervenkitzel, neue Horizonte [&hellip;]<\/p>\n","protected":false},"author":2,"featured_media":0,"parent":0,"menu_order":0,"comment_status":"closed","ping_status":"closed","template":"","meta":{"_et_pb_use_builder":"on","_et_pb_old_content":"","_et_gb_content_width":"","_coblocks_attr":"","_coblocks_dimensions":"","_coblocks_responsive_height":"","_coblocks_accordion_ie_support":"","footnotes":""},"class_list":["post-415","page","type-page","status-publish","hentry"],"_links":{"self":[{"href":"https:\/\/excursionskim.com\/de\/wp-json\/wp\/v2\/pages\/415","targetHints":{"allow":["GET"]}}],"collection":[{"href":"https:\/\/excursionskim.com\/de\/wp-json\/wp\/v2\/pages"}],"about":[{"href":"https:\/\/excursionskim.com\/de\/wp-json\/wp\/v2\/types\/page"}],"author":[{"embeddable":true,"href":"https:\/\/excursionskim.com\/de\/wp-json\/wp\/v2\/users\/2"}],"replies":[{"embeddable":true,"href":"https:\/\/excursionskim.com\/de\/wp-json\/wp\/v2\/comments?post=415"}],"version-history":[{"count":3,"href":"https:\/\/excursionskim.com\/de\/wp-json\/wp\/v2\/pages\/415\/revisions"}],"predecessor-version":[{"id":675,"href":"https:\/\/excursionskim.com\/de\/wp-json\/wp\/v2\/pages\/415\/revisions\/675"}],"wp:attachment":[{"href":"https:\/\/excursionskim.com\/de\/wp-json\/wp\/v2\/media?parent=415"}],"curies":[{"name":"wp","href":"https:\/\/api.w.org\/{rel}","templated":true}]}}