{"id":625,"date":"2023-06-04T17:53:51","date_gmt":"2023-06-04T17:53:51","guid":{"rendered":"https:\/\/excursionskim.com\/adventure-excursions\/"},"modified":"2023-06-04T21:18:19","modified_gmt":"2023-06-04T21:18:19","slug":"abenteuerausfluege","status":"publish","type":"page","link":"https:\/\/excursionskim.com\/de\/abenteuerausfluege\/","title":{"rendered":"Abenteuerausfl\u00fcge"},"content":{"rendered":"<p>[et_pb_section fb_built=&#8220;1&#8243; _builder_version=&#8220;4.21.0&#8243; _module_preset=&#8220;default&#8220; custom_padding=&#8220;||2px|||&#8220; global_colors_info=&#8220;{}&#8220;][et_pb_row _builder_version=&#8220;4.21.0&#8243; _module_preset=&#8220;default&#8220; global_colors_info=&#8220;{}&#8220;][et_pb_column type=&#8220;4_4&#8243; _builder_version=&#8220;4.21.0&#8243; _module_preset=&#8220;default&#8220; global_colors_info=&#8220;{}&#8220;][et_pb_text _builder_version=&#8220;4.21.0&#8243; _module_preset=&#8220;c16985e1-e0d6-4022-964d-e2bfc04fa633&#8243; header_font=&#8220;Cinzel||||||||&#8220; header_text_color=&#8220;#000000&#8243; header_font_size=&#8220;90px&#8220; header_3_text_color=&#8220;#000000&#8243; background_layout=&#8220;dark&#8220; header_font_size_tablet=&#8220;40px&#8220; header_font_size_phone=&#8220;38px&#8220; header_font_size_last_edited=&#8220;on|desktop&#8220; text_text_shadow_style=&#8220;preset3&#8243; header_3_text_shadow_style=&#8220;preset3&#8243; header_3_text_shadow_horizontal_length=&#8220;-0.1em&#8220; global_colors_info=&#8220;{}&#8220;]<\/p>\n<h1 style=\"text-align: center;\">Abenteuerausfl\u00fcge<\/h1>\n<h3 style=\"text-align: center;\">wir empfehlen<\/h3>\n<p>[\/et_pb_text][\/et_pb_column][\/et_pb_row][\/et_pb_section][et_pb_section fb_built=&#8220;1&#8243; _builder_version=&#8220;4.21.0&#8243; _module_preset=&#8220;default&#8220; min_height=&#8220;585.7px&#8220; custom_margin=&#8220;||2px|||&#8220; custom_padding=&#8220;||2px|||&#8220; global_colors_info=&#8220;{}&#8220;][et_pb_row _builder_version=&#8220;4.21.0&#8243; _module_preset=&#8220;default&#8220; global_colors_info=&#8220;{}&#8220;][et_pb_column type=&#8220;4_4&#8243; _builder_version=&#8220;4.21.0&#8243; _module_preset=&#8220;default&#8220; global_colors_info=&#8220;{}&#8220;][et_pb_divider color=&#8220;#000000&#8243; _builder_version=&#8220;4.21.0&#8243; _module_preset=&#8220;default&#8220; global_colors_info=&#8220;{}&#8220;][\/et_pb_divider][\/et_pb_column][\/et_pb_row][et_pb_row column_structure=&#8220;2_5,3_5&#8243; _builder_version=&#8220;4.21.0&#8243; _module_preset=&#8220;default&#8220; global_colors_info=&#8220;{}&#8220;][et_pb_column type=&#8220;2_5&#8243; _builder_version=&#8220;4.21.0&#8243; _module_preset=&#8220;default&#8220; global_colors_info=&#8220;{}&#8220;][et_pb_text _builder_version=&#8220;4.21.0&#8243; _module_preset=&#8220;default&#8220; header_4_text_shadow_style=&#8220;preset3&#8243; global_colors_info=&#8220;{}&#8220;]<\/p>\n<h4 style=\"text-align: center;\">Quad trips\u00a0<\/h4>\n<p>[\/et_pb_text][et_pb_image src=&#8220;https:\/\/excursionskim.com\/wp-content\/uploads\/2023\/06\/quad.1.jpg&#8220; title_text=&#8220;quad.1&#8243; _builder_version=&#8220;4.21.0&#8243; _module_preset=&#8220;default&#8220; box_shadow_style=&#8220;preset1&#8243; global_colors_info=&#8220;{}&#8220;][\/et_pb_image][\/et_pb_column][et_pb_column type=&#8220;3_5&#8243; _builder_version=&#8220;4.21.0&#8243; _module_preset=&#8220;default&#8220; global_colors_info=&#8220;{}&#8220;][et_pb_text _builder_version=&#8220;4.21.0&#8243; _module_preset=&#8220;default&#8220; min_height=&#8220;279.6px&#8220; custom_margin=&#8220;-1px|||||&#8220; header_4_text_shadow_style=&#8220;preset3&#8243; global_colors_info=&#8220;{}&#8220;]<\/p>\n<p>Quad<br \/>W\u00e4hrend der gesamten Quad-Tour werden Sie von Ihrem Hotel abgeholt und zum Treffpunkt gebracht. Es gibt eine Sicherheitseinweisung und Anweisungen zum Fahren des Quads. Es gibt 3 Optionen, die Sie zum Fahren w\u00e4hlen k\u00f6nnen.<br \/>~ Tour zum Teide<br \/>~ Sonnenuntergangs-\/Teide-Tour<br \/>~ K\u00fcsten-Offroad-Tour.<\/p>\n<p>Bitte achten Sie bei allen Fahrten darauf, dass Sie Ihren F\u00fchrerschein und Turnschuhe dabei haben.<\/p>\n<p>Quad-Fahrt bei Sonnenuntergang auf dem Teide<br \/>Wenn Sie auf der Suche nach Abenteuern sind und Ihnen gleichzeitig den Atem rauben, dann sind Sie bei uns genau richtig. Von Giua de Isora aus fahren Sie mit Ihrem eigenen Quad durch die malerischen Landschaften dieser atemberaubenden Insel. Wenn Sie durch die Wolken klettern, erreichen Sie den Nationalpark. Wir werden einige Stopps einlegen, um Erkl\u00e4rungen zu erhalten und Fotos zu machen. Auf dem R\u00fcckweg erleben Sie einen atemberaubenden Sonnenuntergang \u00fcber der Westseite der Insel. Dieses Erlebnis sollten Sie sich nicht entgehen lassen, also schnallen Sie sich an und machen Sie sich bereit, Teneriffa wie nie zuvor zu erkunden!<\/p>\n<p>*Tour zum Teide*<br \/>Die Quad-Fahrt auf dem Teide ist die perfekte M\u00f6glichkeit, das wundersch\u00f6ne Teneriffa zu erkunden und atemberaubende Ausblicke zu genie\u00dfen. Sie k\u00f6nnen sicher sein, dass dies eine Reise voller Abenteuer sein wird.<br \/>Sie beginnen die magische Reise zum Teide und genie\u00dfen dabei die unterschiedlichen Landschaften, vom Wald bis zur Mondlandschaft im Nationalpark. Unterwegs gibt es Zwischenstopps, um sch\u00f6ne Fotos zu machen, und der Reiseleiter wird Ihnen einige Informationen \u00fcber die Insel erz\u00e4hlen.<\/p>\n<p>Offroad-Ausflug<br \/>Von Giua de Isora geht die Reise hinunter zur Westk\u00fcste Teneriffas. Sie werden eine v\u00f6llig andere Seite der Insel erleben, die Sie noch nie zuvor gesehen haben. Unterwegs gibt es einen Halt an einem wundersch\u00f6nen Nationalschwimmbad, wo Sie zur Abk\u00fchlung von dieser Reise ins Wasser springen k\u00f6nnen.<\/p>\n<p>[\/et_pb_text][\/et_pb_column][\/et_pb_row][et_pb_row _builder_version=&#8220;4.21.0&#8243; _module_preset=&#8220;default&#8220; global_colors_info=&#8220;{}&#8220;][et_pb_column type=&#8220;4_4&#8243; _builder_version=&#8220;4.21.0&#8243; _module_preset=&#8220;default&#8220; global_colors_info=&#8220;{}&#8220;][et_pb_divider color=&#8220;#000000&#8243; _builder_version=&#8220;4.21.0&#8243; _module_preset=&#8220;default&#8220; global_colors_info=&#8220;{}&#8220;][\/et_pb_divider][\/et_pb_column][\/et_pb_row][\/et_pb_section][et_pb_section fb_built=&#8220;1&#8243; _builder_version=&#8220;4.21.0&#8243; _module_preset=&#8220;default&#8220; custom_padding=&#8220;1px|||||&#8220; global_colors_info=&#8220;{}&#8220;][et_pb_row column_structure=&#8220;2_5,3_5&#8243; _builder_version=&#8220;4.21.0&#8243; _module_preset=&#8220;default&#8220; global_colors_info=&#8220;{}&#8220;][et_pb_column type=&#8220;2_5&#8243; _builder_version=&#8220;4.21.0&#8243; _module_preset=&#8220;default&#8220; global_colors_info=&#8220;{}&#8220;][et_pb_text _builder_version=&#8220;4.21.0&#8243; _module_preset=&#8220;default&#8220; header_4_text_shadow_style=&#8220;preset3&#8243; global_colors_info=&#8220;{}&#8220;]<\/p>\n<h4 style=\"text-align: center;\">Buggy Tenerife<\/h4>\n<p>[\/et_pb_text][et_pb_image src=&#8220;https:\/\/excursionskim.com\/wp-content\/uploads\/2023\/06\/buggy.1.jpeg&#8220; title_text=&#8220;buggy.1&#8243; _builder_version=&#8220;4.21.0&#8243; _module_preset=&#8220;default&#8220; box_shadow_style=&#8220;preset1&#8243; global_colors_info=&#8220;{}&#8220;][\/et_pb_image][et_pb_image src=&#8220;https:\/\/excursionskim.com\/wp-content\/uploads\/2023\/06\/buggy2.jpeg&#8220; title_text=&#8220;buggy2&#8243; _builder_version=&#8220;4.21.0&#8243; _module_preset=&#8220;default&#8220; global_colors_info=&#8220;{}&#8220;][\/et_pb_image][\/et_pb_column][et_pb_column type=&#8220;3_5&#8243; _builder_version=&#8220;4.21.0&#8243; _module_preset=&#8220;default&#8220; global_colors_info=&#8220;{}&#8220;][et_pb_text _builder_version=&#8220;4.21.0&#8243; _module_preset=&#8220;default&#8220; min_height=&#8220;270px&#8220; custom_padding=&#8220;0px|||||&#8220; header_4_text_shadow_style=&#8220;preset3&#8243; global_colors_info=&#8220;{}&#8220;]<\/p>\n<p>Genie\u00dfen Sie ein einzigartiges und unvergessliches Erlebnis w\u00e4hrend Ihres Urlaubs auf Teneriffa! Die Buggy-Tour ist wahrscheinlich eine der unterhaltsamsten Outdoor-Aktivit\u00e4ten, die Sie auf Teneriffa unternehmen k\u00f6nnen.<\/p>\n<p>4 Stunden Buggy-Tour.<br \/>Teide-Tour von 130 km (Fanabe \u2013 Vilaflor \u2013 Teide) mit Offroad (+1 Stunde) und einem kleinen Snack. Wenn Sie auf der Suche nach einem Familienbuggy sind, haben wir f\u00fcr diese Tour nur 4- und 6-Sitzer-Buggys im Angebot.<br \/>Unsere 3-st\u00fcndigen Buggy-Touren.<\/p>\n<p>Teide-Tour (Vilaflor \u2013 Teide)<br \/>Die K\u00fcste (Adeje \u2013 La Caleta \u2013 Playa Para\u00edso)<br \/>Dorf und Berg (Tamaimo)<br \/>3 Stunden Offroad-Tour + 30 Minuten auf der Stra\u00dfe (San Miguel)<\/p>\n<p>[\/et_pb_text][\/et_pb_column][\/et_pb_row][et_pb_row _builder_version=&#8220;4.21.0&#8243; _module_preset=&#8220;default&#8220; global_colors_info=&#8220;{}&#8220;][et_pb_column type=&#8220;4_4&#8243; _builder_version=&#8220;4.21.0&#8243; _module_preset=&#8220;default&#8220; global_colors_info=&#8220;{}&#8220;][et_pb_divider color=&#8220;#000000&#8243; _builder_version=&#8220;4.21.0&#8243; _module_preset=&#8220;default&#8220; global_colors_info=&#8220;{}&#8220;][\/et_pb_divider][\/et_pb_column][\/et_pb_row][et_pb_row column_structure=&#8220;2_5,3_5&#8243; _builder_version=&#8220;4.21.0&#8243; _module_preset=&#8220;default&#8220; global_colors_info=&#8220;{}&#8220;][et_pb_column type=&#8220;2_5&#8243; _builder_version=&#8220;4.21.0&#8243; _module_preset=&#8220;default&#8220; global_colors_info=&#8220;{}&#8220;][et_pb_text _builder_version=&#8220;4.21.0&#8243; _module_preset=&#8220;default&#8220; header_4_text_shadow_style=&#8220;preset3&#8243; global_colors_info=&#8220;{}&#8220;]<\/p>\n<h4 style=\"text-align: center;\">Paragliding<\/h4>\n<p>[\/et_pb_text][et_pb_image src=&#8220;https:\/\/excursionskim.com\/wp-content\/uploads\/2023\/05\/paraglidingai.png&#8220; title_text=&#8220;paraglidingai&#8220; _builder_version=&#8220;4.21.0&#8243; _module_preset=&#8220;default&#8220; global_colors_info=&#8220;{}&#8220;][\/et_pb_image][\/et_pb_column][et_pb_column type=&#8220;3_5&#8243; _builder_version=&#8220;4.21.0&#8243; _module_preset=&#8220;default&#8220; global_colors_info=&#8220;{}&#8220;][et_pb_text _builder_version=&#8220;4.21.0&#8243; _module_preset=&#8220;default&#8220; header_4_text_shadow_style=&#8220;preset3&#8243; global_colors_info=&#8220;{}&#8220;]<\/p>\n<p>Tandem-Gleitschirmfliegen bietet die M\u00f6glichkeit, das Gef\u00fchl zu erleben, wie ein Vogel zu fliegen. Das professionelle Pilotenteam f\u00fchrt Sie durch die sch\u00f6nsten Himmel und \u00fcber die besten Str\u00e4nde Teneriffas, w\u00e4hrend Sie Ihr Abenteuer das ganze Jahr \u00fcber genie\u00dfen. Zum Abheben m\u00fcssen Sie nur ein paar schnelle Schritte machen und schon fliegen Sie. Es gibt keine gro\u00dfen Tropfen oder aggressiven Bewegungen. Die meisten Kunden sind \u00fcberrascht, wie ruhig das Erlebnis ist.<\/p>\n<p>Verschiedene Flugarten:<\/p>\n<p>HAWK&#8217;S-FLUG Der Flug von Taucho ist die einfachste Wahl unter unseren verschiedenen Optionen. Dieser Flug dauert je nach Wetterlage zwischen 15 und 25 Minuten. Sie starten aus 800 Metern H\u00f6he und fliegen \u00fcber Schluchten und Berge, vorbei an dem kleinen Dorf La Quinta und der Stadt Adeje.<\/p>\n<p>FALCON-FLUG (EMPFOHLEN) Der Falcon-Flug ist ein Flug mit einem Hauch von Charme. Wir starten von einem Naturschutzgebiet, das etwa 1100 Meter \u00fcber dem Meeresspiegel liegt. Wir fliegen \u00fcber die D\u00f6rfer Adeje und Fanabe. Dieser Flug dauert etwa 15-25 Minuten. Sie landen in der N\u00e4he von La Caleta.<\/p>\n<p>ADLERFLUG Der Flug von Iza\u00f1a ist nichts anderes als andere Fl\u00fcge! Sie werden diesen Flug lieben, wenn Sie einen langen, entspannten Flug mit unglaublichen Ausblicken auf den Teide-Naturpark erleben m\u00f6chten. Nach dem Start auf 2200 Metern H\u00f6he steigen Sie in etwa 40 Minuten allm\u00e4hlich in Richtung K\u00fcste ab. Abh\u00e4ngig von den Wetterbedingungen landen Sie entweder in Puerto de la Cruz oder in Puertito de G\u00fcimar.<\/p>\n<p>[\/et_pb_text][\/et_pb_column][\/et_pb_row][et_pb_row _builder_version=&#8220;4.21.0&#8243; _module_preset=&#8220;default&#8220; global_colors_info=&#8220;{}&#8220;][et_pb_column type=&#8220;4_4&#8243; _builder_version=&#8220;4.21.0&#8243; _module_preset=&#8220;default&#8220; global_colors_info=&#8220;{}&#8220;][et_pb_divider color=&#8220;#000000&#8243; _builder_version=&#8220;4.21.0&#8243; _module_preset=&#8220;default&#8220; global_colors_info=&#8220;{}&#8220;][\/et_pb_divider][\/et_pb_column][\/et_pb_row][\/et_pb_section]<\/p>\n","protected":false},"excerpt":{"rendered":"<p>Abenteuerausfl\u00fcge wir empfehlenQuad trips\u00a0QuadW\u00e4hrend der gesamten Quad-Tour werden Sie von Ihrem Hotel abgeholt und zum Treffpunkt gebracht. Es gibt eine Sicherheitseinweisung und Anweisungen zum Fahren des Quads. Es gibt 3 Optionen, die Sie zum Fahren w\u00e4hlen k\u00f6nnen.~ Tour zum Teide~ Sonnenuntergangs-\/Teide-Tour~ K\u00fcsten-Offroad-Tour. Bitte achten Sie bei allen Fahrten darauf, dass Sie Ihren F\u00fchrerschein und Turnschuhe [&hellip;]<\/p>\n","protected":false},"author":2,"featured_media":0,"parent":0,"menu_order":0,"comment_status":"closed","ping_status":"closed","template":"","meta":{"_et_pb_use_builder":"on","_et_pb_old_content":"","_et_gb_content_width":"","_coblocks_attr":"","_coblocks_dimensions":"","_coblocks_responsive_height":"","_coblocks_accordion_ie_support":"","footnotes":""},"class_list":["post-625","page","type-page","status-publish","hentry"],"_links":{"self":[{"href":"https:\/\/excursionskim.com\/de\/wp-json\/wp\/v2\/pages\/625","targetHints":{"allow":["GET"]}}],"collection":[{"href":"https:\/\/excursionskim.com\/de\/wp-json\/wp\/v2\/pages"}],"about":[{"href":"https:\/\/excursionskim.com\/de\/wp-json\/wp\/v2\/types\/page"}],"author":[{"embeddable":true,"href":"https:\/\/excursionskim.com\/de\/wp-json\/wp\/v2\/users\/2"}],"replies":[{"embeddable":true,"href":"https:\/\/excursionskim.com\/de\/wp-json\/wp\/v2\/comments?post=625"}],"version-history":[{"count":6,"href":"https:\/\/excursionskim.com\/de\/wp-json\/wp\/v2\/pages\/625\/revisions"}],"predecessor-version":[{"id":680,"href":"https:\/\/excursionskim.com\/de\/wp-json\/wp\/v2\/pages\/625\/revisions\/680"}],"wp:attachment":[{"href":"https:\/\/excursionskim.com\/de\/wp-json\/wp\/v2\/media?parent=625"}],"curies":[{"name":"wp","href":"https:\/\/api.w.org\/{rel}","templated":true}]}}