{"id":627,"date":"2023-06-04T19:14:38","date_gmt":"2023-06-04T19:14:38","guid":{"rendered":"https:\/\/excursionskim.com\/hiking\/"},"modified":"2023-06-04T21:23:51","modified_gmt":"2023-06-04T21:23:51","slug":"wandern","status":"publish","type":"page","link":"https:\/\/excursionskim.com\/de\/wandern\/","title":{"rendered":"Wandern"},"content":{"rendered":"<p>[et_pb_section fb_built=&#8220;1&#8243; _builder_version=&#8220;4.21.0&#8243; _module_preset=&#8220;default&#8220; custom_padding=&#8220;||2px|||&#8220; global_colors_info=&#8220;{}&#8220;][et_pb_row _builder_version=&#8220;4.21.0&#8243; _module_preset=&#8220;default&#8220; global_colors_info=&#8220;{}&#8220;][et_pb_column type=&#8220;4_4&#8243; _builder_version=&#8220;4.21.0&#8243; _module_preset=&#8220;default&#8220; global_colors_info=&#8220;{}&#8220;][et_pb_text _builder_version=&#8220;4.21.0&#8243; _module_preset=&#8220;c16985e1-e0d6-4022-964d-e2bfc04fa633&#8243; header_font=&#8220;Cinzel||||||||&#8220; header_text_color=&#8220;#000000&#8243; header_font_size=&#8220;90px&#8220; header_3_text_color=&#8220;#000000&#8243; background_layout=&#8220;dark&#8220; header_font_size_tablet=&#8220;40px&#8220; header_font_size_phone=&#8220;38px&#8220; header_font_size_last_edited=&#8220;on|desktop&#8220; text_text_shadow_style=&#8220;preset3&#8243; header_3_text_shadow_style=&#8220;preset3&#8243; header_3_text_shadow_horizontal_length=&#8220;-0.1em&#8220; global_colors_info=&#8220;{}&#8220;]<\/p>\n<h1 style=\"text-align: center;\">Wandern<\/h1>\n<h3 style=\"text-align: center;\">wir empfehlen<\/h3>\n<p>[\/et_pb_text][\/et_pb_column][\/et_pb_row][\/et_pb_section][et_pb_section fb_built=&#8220;1&#8243; _builder_version=&#8220;4.21.0&#8243; _module_preset=&#8220;default&#8220; min_height=&#8220;585.7px&#8220; custom_margin=&#8220;||2px|||&#8220; custom_padding=&#8220;||2px|||&#8220; global_colors_info=&#8220;{}&#8220;][et_pb_row _builder_version=&#8220;4.21.0&#8243; _module_preset=&#8220;default&#8220; global_colors_info=&#8220;{}&#8220;][et_pb_column type=&#8220;4_4&#8243; _builder_version=&#8220;4.21.0&#8243; _module_preset=&#8220;default&#8220; global_colors_info=&#8220;{}&#8220;][et_pb_divider color=&#8220;#000000&#8243; _builder_version=&#8220;4.21.0&#8243; _module_preset=&#8220;default&#8220; global_colors_info=&#8220;{}&#8220;][\/et_pb_divider][\/et_pb_column][\/et_pb_row][et_pb_row column_structure=&#8220;2_5,3_5&#8243; _builder_version=&#8220;4.21.0&#8243; _module_preset=&#8220;default&#8220; global_colors_info=&#8220;{}&#8220;][et_pb_column type=&#8220;2_5&#8243; _builder_version=&#8220;4.21.0&#8243; _module_preset=&#8220;default&#8220; global_colors_info=&#8220;{}&#8220;][et_pb_text _builder_version=&#8220;4.21.0&#8243; _module_preset=&#8220;default&#8220; header_4_text_shadow_style=&#8220;preset3&#8243; global_colors_info=&#8220;{}&#8220;]<\/p>\n<h4 style=\"text-align: center;\">Camino Real<\/h4>\n<p>[\/et_pb_text][et_pb_image src=&#8220;https:\/\/excursionskim.com\/wp-content\/uploads\/2023\/06\/Screenshot-2023-06-04-at-20.03.53.png&#8220; title_text=&#8220;Screenshot 2023-06-04 at 20.03.53&#8243; _builder_version=&#8220;4.21.0&#8243; _module_preset=&#8220;default&#8220; box_shadow_style=&#8220;preset1&#8243; global_colors_info=&#8220;{}&#8220;][\/et_pb_image][\/et_pb_column][et_pb_column type=&#8220;3_5&#8243; _builder_version=&#8220;4.21.0&#8243; _module_preset=&#8220;default&#8220; global_colors_info=&#8220;{}&#8220;][et_pb_text _builder_version=&#8220;4.21.0&#8243; _module_preset=&#8220;default&#8220; min_height=&#8220;279.6px&#8220; custom_margin=&#8220;-1px|||||&#8220; header_4_text_shadow_style=&#8220;preset3&#8243; global_colors_info=&#8220;{}&#8220;]<\/p>\n<p>Camino Real Auf dem ersten Teil dieses alten K\u00f6nigsweges sind Sie von einzigartiger Natur umgeben und haben einen herrlichen Blick auf den Teide. Im zweiten Teil f\u00fchrt Sie der Guide zu den bewirtschafteten Terrassen, wo Sie tropische Fr\u00fcchte wie Bananen, Mangos und Papayas sehen k\u00f6nnen. Sie werden auch Tiere sehen, zum Beispiel Ziegen!<\/p>\n<p>Wanderinformationen<\/p>\n<p>Tage: Dienstag und Freitag<br \/>Schwierigkeit: Mittel<br \/>H\u00f6henunterschied: +50m\/-800m.<br \/>Dauer Transferbus Abfahrt: 45min.<br \/>Dauer der Wanderung: 3h30\/4h00<br \/>Dauer Transferbus zur\u00fcck: 45min.<\/p>\n<p>[\/et_pb_text][\/et_pb_column][\/et_pb_row][et_pb_row _builder_version=&#8220;4.21.0&#8243; _module_preset=&#8220;default&#8220; global_colors_info=&#8220;{}&#8220;][et_pb_column type=&#8220;4_4&#8243; _builder_version=&#8220;4.21.0&#8243; _module_preset=&#8220;default&#8220; global_colors_info=&#8220;{}&#8220;][et_pb_divider color=&#8220;#000000&#8243; _builder_version=&#8220;4.21.0&#8243; _module_preset=&#8220;default&#8220; global_colors_info=&#8220;{}&#8220;][\/et_pb_divider][\/et_pb_column][\/et_pb_row][\/et_pb_section][et_pb_section fb_built=&#8220;1&#8243; _builder_version=&#8220;4.21.0&#8243; _module_preset=&#8220;default&#8220; custom_padding=&#8220;1px|||||&#8220; global_colors_info=&#8220;{}&#8220;][et_pb_row column_structure=&#8220;2_5,3_5&#8243; _builder_version=&#8220;4.21.0&#8243; _module_preset=&#8220;default&#8220; global_colors_info=&#8220;{}&#8220;][et_pb_column type=&#8220;2_5&#8243; _builder_version=&#8220;4.21.0&#8243; _module_preset=&#8220;default&#8220; global_colors_info=&#8220;{}&#8220;][et_pb_text _builder_version=&#8220;4.21.0&#8243; _module_preset=&#8220;default&#8220; header_4_text_shadow_style=&#8220;preset3&#8243; global_colors_info=&#8220;{}&#8220;]<\/p>\n<h4 style=\"text-align: center;\">Laguna-Anaga<\/h4>\n<p>[\/et_pb_text][et_pb_image src=&#8220;https:\/\/excursionskim.com\/wp-content\/uploads\/2023\/06\/tenerife-4152688_1920.jpg&#8220; title_text=&#8220;tenerife-4152688_1920&#8243; _builder_version=&#8220;4.21.0&#8243; _module_preset=&#8220;default&#8220; box_shadow_style=&#8220;preset1&#8243; global_colors_info=&#8220;{}&#8220;][\/et_pb_image][\/et_pb_column][et_pb_column type=&#8220;3_5&#8243; _builder_version=&#8220;4.21.0&#8243; _module_preset=&#8220;default&#8220; global_colors_info=&#8220;{}&#8220;][et_pb_text _builder_version=&#8220;4.21.0&#8243; _module_preset=&#8220;default&#8220; min_height=&#8220;270px&#8220; custom_padding=&#8220;0px|||||&#8220; header_4_text_shadow_style=&#8220;preset3&#8243; global_colors_info=&#8220;{}&#8220;]<\/p>\n<p>Laguna-Anaga Kommen Sie und entdecken Sie La Laguna, UNESCO-Weltkulturerbe, wo Sie zuvor den Markt f\u00fcr lokale Produkte besuchen werden. Anschlie\u00dfend beginnen Sie mit der Wanderung im wundersch\u00f6nen Lorbeerwald von Las Mercedes. Hier finden Sie den Zauber der Natur.<\/p>\n<p>Wanderinformationen<\/p>\n<p>Tage: Montag<br \/>Schwierigkeit: Einfach<br \/>H\u00f6henunterschied: +300m.\/-300m.<br \/>Dauer Transferbus Abfahrt: 60min<br \/>Dauer der Wanderung: 1h30\/2h00<br \/>Sonstige \u00dcberweisung: &#8212;<br \/>Dauer Transferbus zur\u00fcck: 60min<\/p>\n<p>[\/et_pb_text][\/et_pb_column][\/et_pb_row][et_pb_row _builder_version=&#8220;4.21.0&#8243; _module_preset=&#8220;default&#8220; global_colors_info=&#8220;{}&#8220;][et_pb_column type=&#8220;4_4&#8243; _builder_version=&#8220;4.21.0&#8243; _module_preset=&#8220;default&#8220; global_colors_info=&#8220;{}&#8220;][et_pb_divider color=&#8220;#000000&#8243; _builder_version=&#8220;4.21.0&#8243; _module_preset=&#8220;default&#8220; global_colors_info=&#8220;{}&#8220;][\/et_pb_divider][\/et_pb_column][\/et_pb_row][et_pb_row column_structure=&#8220;2_5,3_5&#8243; _builder_version=&#8220;4.21.0&#8243; _module_preset=&#8220;default&#8220; global_colors_info=&#8220;{}&#8220;][et_pb_column type=&#8220;2_5&#8243; _builder_version=&#8220;4.21.0&#8243; _module_preset=&#8220;default&#8220; global_colors_info=&#8220;{}&#8220;][et_pb_text _builder_version=&#8220;4.21.0&#8243; _module_preset=&#8220;default&#8220; header_4_text_shadow_style=&#8220;preset3&#8243; global_colors_info=&#8220;{}&#8220;]<\/p>\n<h4 style=\"text-align: center;\">Teide &#8222;light&#8220;<\/h4>\n<p>[\/et_pb_text][et_pb_image src=&#8220;https:\/\/excursionskim.com\/wp-content\/uploads\/2023\/06\/tenerife-1388832_1920.jpg&#8220; title_text=&#8220;tenerife-1388832_1920&#8243; _builder_version=&#8220;4.21.0&#8243; _module_preset=&#8220;default&#8220; global_colors_info=&#8220;{}&#8220;][\/et_pb_image][\/et_pb_column][et_pb_column type=&#8220;3_5&#8243; _builder_version=&#8220;4.21.0&#8243; _module_preset=&#8220;default&#8220; global_colors_info=&#8220;{}&#8220;][et_pb_text _builder_version=&#8220;4.21.0&#8243; _module_preset=&#8220;default&#8220; header_4_text_shadow_style=&#8220;preset3&#8243; global_colors_info=&#8220;{}&#8220;]<\/p>\n<p>Entdecken Sie den Nationalpark Teide, UNESCO-Weltkulturerbe, bei einem Spaziergang rund um die \u201eRoques de Garcia\u201c zwischen Lavastr\u00f6men und vulkanischen Formen. Sie werden die Flora und Fauna beobachten und ein einzigartiges Erlebnis erleben, umgeben von einer erstaunlichen Mineralien- und Vulkanlandschaft!<\/p>\n<p>Wanderinformationen<\/p>\n<p>Tage: Donnerstag<br \/>Schwierigkeit: Einfach<br \/>H\u00f6he: +175m \/-175m.<br \/>Dauer Transferbus Abfahrt: 60min<br \/>Dauer der Wanderung: 1h30\/2h00<br \/>Dauer Transferbus zur\u00fcck: 60min<\/p>\n<p>[\/et_pb_text][\/et_pb_column][\/et_pb_row][et_pb_row _builder_version=&#8220;4.21.0&#8243; _module_preset=&#8220;default&#8220; global_colors_info=&#8220;{}&#8220;][et_pb_column type=&#8220;4_4&#8243; _builder_version=&#8220;4.21.0&#8243; _module_preset=&#8220;default&#8220; global_colors_info=&#8220;{}&#8220;][et_pb_divider color=&#8220;#000000&#8243; _builder_version=&#8220;4.21.0&#8243; _module_preset=&#8220;default&#8220; global_colors_info=&#8220;{}&#8220;][\/et_pb_divider][\/et_pb_column][\/et_pb_row][\/et_pb_section]<\/p>\n","protected":false},"excerpt":{"rendered":"<p>Wandern wir empfehlenCamino RealCamino Real Auf dem ersten Teil dieses alten K\u00f6nigsweges sind Sie von einzigartiger Natur umgeben und haben einen herrlichen Blick auf den Teide. Im zweiten Teil f\u00fchrt Sie der Guide zu den bewirtschafteten Terrassen, wo Sie tropische Fr\u00fcchte wie Bananen, Mangos und Papayas sehen k\u00f6nnen. Sie werden auch Tiere sehen, zum Beispiel [&hellip;]<\/p>\n","protected":false},"author":2,"featured_media":0,"parent":0,"menu_order":0,"comment_status":"closed","ping_status":"closed","template":"","meta":{"_et_pb_use_builder":"on","_et_pb_old_content":"","_et_gb_content_width":"","_coblocks_attr":"","_coblocks_dimensions":"","_coblocks_responsive_height":"","_coblocks_accordion_ie_support":"","footnotes":""},"class_list":["post-627","page","type-page","status-publish","hentry"],"_links":{"self":[{"href":"https:\/\/excursionskim.com\/de\/wp-json\/wp\/v2\/pages\/627","targetHints":{"allow":["GET"]}}],"collection":[{"href":"https:\/\/excursionskim.com\/de\/wp-json\/wp\/v2\/pages"}],"about":[{"href":"https:\/\/excursionskim.com\/de\/wp-json\/wp\/v2\/types\/page"}],"author":[{"embeddable":true,"href":"https:\/\/excursionskim.com\/de\/wp-json\/wp\/v2\/users\/2"}],"replies":[{"embeddable":true,"href":"https:\/\/excursionskim.com\/de\/wp-json\/wp\/v2\/comments?post=627"}],"version-history":[{"count":4,"href":"https:\/\/excursionskim.com\/de\/wp-json\/wp\/v2\/pages\/627\/revisions"}],"predecessor-version":[{"id":692,"href":"https:\/\/excursionskim.com\/de\/wp-json\/wp\/v2\/pages\/627\/revisions\/692"}],"wp:attachment":[{"href":"https:\/\/excursionskim.com\/de\/wp-json\/wp\/v2\/media?parent=627"}],"curies":[{"name":"wp","href":"https:\/\/api.w.org\/{rel}","templated":true}]}}