{"id":629,"date":"2023-06-04T19:35:43","date_gmt":"2023-06-04T19:35:43","guid":{"rendered":"https:\/\/excursionskim.com\/maritime-excursions\/"},"modified":"2023-06-25T13:58:18","modified_gmt":"2023-06-25T13:58:18","slug":"maritime-ausfluege","status":"publish","type":"page","link":"https:\/\/excursionskim.com\/de\/maritime-ausfluege\/","title":{"rendered":"Maritime Ausfl\u00fcge"},"content":{"rendered":"<p>[et_pb_section fb_built=&#8220;1&#8243; _builder_version=&#8220;4.21.0&#8243; _module_preset=&#8220;default&#8220; custom_padding=&#8220;||2px|||&#8220; global_colors_info=&#8220;{}&#8220;][et_pb_row _builder_version=&#8220;4.21.0&#8243; _module_preset=&#8220;default&#8220; global_colors_info=&#8220;{}&#8220;][et_pb_column type=&#8220;4_4&#8243; _builder_version=&#8220;4.21.0&#8243; _module_preset=&#8220;default&#8220; global_colors_info=&#8220;{}&#8220;][et_pb_text _builder_version=&#8220;4.21.0&#8243; _module_preset=&#8220;c16985e1-e0d6-4022-964d-e2bfc04fa633&#8243; header_font=&#8220;Cinzel||||||||&#8220; header_text_color=&#8220;#000000&#8243; header_font_size=&#8220;90px&#8220; header_3_text_color=&#8220;#000000&#8243; background_layout=&#8220;dark&#8220; header_font_size_tablet=&#8220;40px&#8220; header_font_size_phone=&#8220;38px&#8220; header_font_size_last_edited=&#8220;on|desktop&#8220; text_text_shadow_style=&#8220;preset3&#8243; header_3_text_shadow_style=&#8220;preset3&#8243; header_3_text_shadow_horizontal_length=&#8220;-0.1em&#8220; global_colors_info=&#8220;{}&#8220;]<\/p>\n<h1 style=\"text-align: center;\">Maritime Ausfl\u00fcge<\/h1>\n<h3 style=\"text-align: center;\">wir empfehlen<\/h3>\n<p>[\/et_pb_text][\/et_pb_column][\/et_pb_row][\/et_pb_section][et_pb_section fb_built=&#8220;1&#8243; _builder_version=&#8220;4.21.0&#8243; _module_preset=&#8220;default&#8220; min_height=&#8220;848.7px&#8220; custom_margin=&#8220;||2px|||&#8220; custom_padding=&#8220;||0px|||&#8220; global_colors_info=&#8220;{}&#8220;][et_pb_row column_structure=&#8220;2_5,3_5&#8243; _builder_version=&#8220;4.21.0&#8243; _module_preset=&#8220;default&#8220; global_colors_info=&#8220;{}&#8220;][et_pb_column type=&#8220;2_5&#8243; _builder_version=&#8220;4.21.0&#8243; _module_preset=&#8220;default&#8220; global_colors_info=&#8220;{}&#8220;][et_pb_text _builder_version=&#8220;4.21.0&#8243; _module_preset=&#8220;default&#8220; header_4_text_shadow_style=&#8220;preset3&#8243; global_colors_info=&#8220;{}&#8220;]<\/p>\n<h4 style=\"text-align: center;\">Schnuppertauchen \u2013 Tauchen<\/h4>\n<p>[\/et_pb_text][et_pb_image src=&#8220;https:\/\/excursionskim.com\/wp-content\/uploads\/2023\/06\/dive1-scaled.jpeg&#8220; title_text=&#8220;dive1&#8243; _builder_version=&#8220;4.21.0&#8243; _module_preset=&#8220;default&#8220; global_colors_info=&#8220;{}&#8220;][\/et_pb_image][\/et_pb_column][et_pb_column type=&#8220;3_5&#8243; _builder_version=&#8220;4.21.0&#8243; _module_preset=&#8220;default&#8220; global_colors_info=&#8220;{}&#8220;][et_pb_text _builder_version=&#8220;4.21.0&#8243; _module_preset=&#8220;default&#8220; header_4_text_shadow_style=&#8220;preset3&#8243; global_colors_info=&#8220;{}&#8220;]<\/p>\n<p>Schnuppertauchen<br \/>Wussten Sie, dass Sie ohne Lizenz tauchen k\u00f6nnen?<br \/>Tr\u00e4umen Sie davon, die Barrieren zwischen zwei v\u00f6llig unterschiedlichen Welten zu durchbrechen?<br \/>Lust auf Adrenalin?<br \/>Sie befinden sich an einem Ort, an dem Tauchen eine der besten Unterwasserattraktionen ist! Warum versuchst du es nicht einmal?<br \/>Der erste Atemzug unter Wasser ist etwas, an das Sie sich Ihr ganzes Leben lang erinnern werden!<br \/>Es ist ein echtes Abenteuer und gleichzeitig eine gute M\u00f6glichkeit, diesen Sport kennenzulernen und das eigene Potenzial auszutesten.<\/p>\n<p>Nach der Einweisung tauchen Sie im kompletten Anzug ins Meer ein, begleitet von einem erfahrenen Tauchlehrer, der jederzeit in Kontakt und unter Kontrolle ist.<br \/>Dadurch f\u00fchlt man sich ohne Erfahrung wie ein Fisch im Wasser und genie\u00dft den Zustand der Schwerelosigkeit.<br \/>Einzige Voraussetzung ist, dass man mindestens 10 Jahre alt ist. Sie werden sp\u00fcren, wie es ist, unter Wasser zu atmen und die Unterwasserwelt aus einer anderen Perspektive als nur vom Fernsehbildschirm zu sehen.<br \/>Der erste Tauchgang wird normalerweise am Las Vistas Beach (vor unserer Tauchbasis) oder am Playa del Puertito (Tauchen mit Schildkr\u00f6ten) durchgef\u00fchrt.<\/p>\n<p>Tauchen<br \/>Einer der beliebtesten Tauchg\u00e4nge ist der Condesito mit einer Tiefe von 15-20 Metern. Tauchen Sie in Richtung einer Unterwasserschlucht voller Tr\u00fcmmer.<br \/>Das 30 Meter lange Schiff \u201eThe Condesito\u201c strandete 1971 vor der K\u00fcste der S\u00fcdspitze der Insel Teneriffa. Der ungl\u00fcckliche Unfall hinterlie\u00df zwei wichtige Hinterlassenschaften: den Leuchtturm Rasca, der gebaut wurde, um eine Wiederholung des Unfalls zu verhindern, und das Wrack von \u201eThe Condesito\u201c, einem der einzigartigsten Tauchpl\u00e4tze Teneriffas. Das in mehrere Teile zerbrochene Wrack liegt auf dem Grund einer 20 Meter tiefen Unterwasserschlucht, flankiert von prismatischen W\u00e4nden und bev\u00f6lkert von einer F\u00fclle an Meereslebewesen. Der Ankerpunkt des Schiffes liegt 3,7 Seemeilen vom gro\u00dfen Touristenhafen Los Cristianos entfernt, an einem Punkt, an dem die Str\u00f6mungen den Schwierigkeitsgrad des Tauchgangs auf mittlere Niveaus erh\u00f6hen k\u00f6nnen.<br \/>Der Ort liegt in K\u00fcstenn\u00e4he und ist die Heimat unz\u00e4hliger Kraken, Tintenfische und Viejas. Der Tauchgang beinhaltet normalerweise eine Passage durch die umliegenden spektakul\u00e4ren prismatischen Felsen, die den Taucher dazu einzuladen scheinen, seine Schritte zu Fu\u00df zu erklimmen.<\/p>\n<p>Wenn Sie vom Boot aus tauchen m\u00f6chten, ist dies durchaus m\u00f6glich.<\/p>\n<p>[\/et_pb_text][\/et_pb_column][\/et_pb_row][\/et_pb_section][et_pb_section fb_built=&#8220;1&#8243; _builder_version=&#8220;4.21.0&#8243; _module_preset=&#8220;default&#8220; custom_margin=&#8220;||||false|false&#8220; custom_padding=&#8220;||||false|false&#8220; global_colors_info=&#8220;{}&#8220;][et_pb_row _builder_version=&#8220;4.21.0&#8243; _module_preset=&#8220;default&#8220; global_colors_info=&#8220;{}&#8220;][et_pb_column type=&#8220;4_4&#8243; _builder_version=&#8220;4.21.0&#8243; _module_preset=&#8220;default&#8220; global_colors_info=&#8220;{}&#8220;][et_pb_divider color=&#8220;#000000&#8243; _builder_version=&#8220;4.21.0&#8243; _module_preset=&#8220;default&#8220; custom_margin=&#8220;12px|||||&#8220; global_colors_info=&#8220;{}&#8220;][\/et_pb_divider][\/et_pb_column][\/et_pb_row][et_pb_row column_structure=&#8220;2_5,3_5&#8243; _builder_version=&#8220;4.21.0&#8243; _module_preset=&#8220;default&#8220; global_colors_info=&#8220;{}&#8220;][et_pb_column type=&#8220;2_5&#8243; _builder_version=&#8220;4.21.0&#8243; _module_preset=&#8220;default&#8220; global_colors_info=&#8220;{}&#8220;][et_pb_text _builder_version=&#8220;4.21.0&#8243; _module_preset=&#8220;default&#8220; header_4_text_shadow_style=&#8220;preset3&#8243; global_colors_info=&#8220;{}&#8220;]<\/p>\n<h4 style=\"text-align: center;\">Jetski<\/h4>\n<p>[\/et_pb_text][et_pb_image src=&#8220;https:\/\/excursionskim.com\/wp-content\/uploads\/2023\/05\/IMG_6809-scaled.jpg&#8220; title_text=&#8220;IMG_6809&#8243; _builder_version=&#8220;4.21.0&#8243; _module_preset=&#8220;default&#8220; box_shadow_style=&#8220;preset1&#8243; global_colors_info=&#8220;{}&#8220;][\/et_pb_image][\/et_pb_column][et_pb_column type=&#8220;3_5&#8243; _builder_version=&#8220;4.21.0&#8243; _module_preset=&#8220;default&#8220; global_colors_info=&#8220;{}&#8220;][et_pb_text _builder_version=&#8220;4.21.0&#8243; _module_preset=&#8220;default&#8220; header_4_text_shadow_style=&#8220;preset3&#8243; global_colors_info=&#8220;{}&#8220;]<\/p>\n<p>Jetski ist ein einzigartiges Erlebnis und ein absolutes Muss auf Teneriffa.<br \/>Genie\u00dfen Sie diese einmalige Gelegenheit, mit einem Jetski entlang der S\u00fcdk\u00fcste Teneriffas zu segeln und dabei das Gef\u00fchl von Freiheit und Sicherheit zu sp\u00fcren. Unter der Anleitung eines Bootes und eines Ausbilders segeln Sie entlang der K\u00fcste. Wenn Sie auf der Suche nach einem Adrenalinsto\u00df sind und\/oder Wasseraktivit\u00e4ten m\u00f6gen, ist dieser Ausflug genau das Richtige f\u00fcr Sie.<br \/>Dennoch geht es bei diesem gro\u00dfartigen Abenteuer nicht nur um das Fahren eines Jetskis; Au\u00dferdem haben Sie die M\u00f6glichkeit, Zeit an den Klippen zu verbringen oder die exotische Unterwasserwelt Teneriffas zu bewundern. Mit etwas Gl\u00fcck k\u00f6nnen Sie auch einige in der Gegend lebende Delfine beobachten.<br \/>Kurz gesagt, dies ist ein einzigartiges und erstaunliches Erlebnis, das Sie unbedingt erleben sollten. Es besteht die M\u00f6glichkeit, alleine oder zu zweit auf einem Jetski zu segeln. Wenn Sie sich f\u00fcr ein Doppel entscheiden, k\u00f6nnen Sie abwechselnd segeln.<\/p>\n<p>Es gibt zwei Arten von Jet-Ski-Erlebnissen:<br \/>~1 Stunde Jet-Ski-Safari: von Puerto Col\u00f3n zum Hippie-Strand.<br \/>~2 Stunden Jet-Ski-Safari: von Las Americas nach Palm-Mar. Sie haben die M\u00f6glichkeit zum Schnorcheln.<\/p>\n<p>[\/et_pb_text][\/et_pb_column][\/et_pb_row][et_pb_row _builder_version=&#8220;4.21.0&#8243; _module_preset=&#8220;default&#8220; global_colors_info=&#8220;{}&#8220;][et_pb_column type=&#8220;4_4&#8243; _builder_version=&#8220;4.21.0&#8243; _module_preset=&#8220;default&#8220; global_colors_info=&#8220;{}&#8220;][et_pb_divider color=&#8220;#000000&#8243; _builder_version=&#8220;4.21.0&#8243; _module_preset=&#8220;default&#8220; global_colors_info=&#8220;{}&#8220;][\/et_pb_divider][\/et_pb_column][\/et_pb_row][et_pb_row column_structure=&#8220;2_5,3_5&#8243; _builder_version=&#8220;4.21.0&#8243; _module_preset=&#8220;default&#8220; global_colors_info=&#8220;{}&#8220;][et_pb_column type=&#8220;2_5&#8243; _builder_version=&#8220;4.21.0&#8243; _module_preset=&#8220;default&#8220; global_colors_info=&#8220;{}&#8220;][et_pb_text _builder_version=&#8220;4.21.0&#8243; _module_preset=&#8220;default&#8220; header_4_text_shadow_style=&#8220;preset3&#8243; global_colors_info=&#8220;{}&#8220;]<\/p>\n<h4 style=\"text-align: center;\">Parascending, Puerto Colon<\/h4>\n<p>[\/et_pb_text][et_pb_image src=&#8220;https:\/\/excursionskim.com\/wp-content\/uploads\/2023\/05\/IMG_8157.jpg&#8220; title_text=&#8220;IMG_8157&#8243; _builder_version=&#8220;4.21.0&#8243; _module_preset=&#8220;default&#8220; global_colors_info=&#8220;{}&#8220;][\/et_pb_image][\/et_pb_column][et_pb_column type=&#8220;3_5&#8243; _builder_version=&#8220;4.21.0&#8243; _module_preset=&#8220;default&#8220; global_colors_info=&#8220;{}&#8220;][et_pb_text _builder_version=&#8220;4.21.0&#8243; _module_preset=&#8220;default&#8220; header_4_text_shadow_style=&#8220;preset3&#8243; global_colors_info=&#8220;{}&#8220;]<\/p>\n<p>Fliegen Sie vom Meeresspiegel auf eine H\u00f6he von 100 Metern und genie\u00dfen Sie einen unvergesslichen Blick auf die K\u00fcste. Der Parasailing-H\u00f6hepunkt wird durch ein modernes Schnellboot und einen Fallschirm erm\u00f6glicht, der die G\u00e4ste sanft in die Luft hebt. Bevor Sie auf der Plattform landen, tauchen Sie ins Meer ein, Ihr Erlebnis wird komfortabel und unbeschwert sein.<\/p>\n<p>[\/et_pb_text][\/et_pb_column][\/et_pb_row][et_pb_row _builder_version=&#8220;4.21.0&#8243; _module_preset=&#8220;default&#8220; global_colors_info=&#8220;{}&#8220;][et_pb_column type=&#8220;4_4&#8243; _builder_version=&#8220;4.21.0&#8243; _module_preset=&#8220;default&#8220; global_colors_info=&#8220;{}&#8220;][et_pb_divider color=&#8220;#000000&#8243; _builder_version=&#8220;4.21.0&#8243; _module_preset=&#8220;default&#8220; global_colors_info=&#8220;{}&#8220;][\/et_pb_divider][\/et_pb_column][\/et_pb_row][et_pb_row column_structure=&#8220;2_5,3_5&#8243; _builder_version=&#8220;4.21.0&#8243; _module_preset=&#8220;default&#8220; global_colors_info=&#8220;{}&#8220;][et_pb_column type=&#8220;2_5&#8243; _builder_version=&#8220;4.21.0&#8243; _module_preset=&#8220;default&#8220; global_colors_info=&#8220;{}&#8220;][et_pb_text _builder_version=&#8220;4.21.0&#8243; _module_preset=&#8220;default&#8220; header_4_text_shadow_style=&#8220;preset3&#8243; global_colors_info=&#8220;{}&#8220;]<\/p>\n<h4 style=\"text-align: center;\">Kayaking adventure<\/h4>\n<p>[\/et_pb_text][et_pb_image src=&#8220;https:\/\/excursionskim.com\/wp-content\/uploads\/2023\/06\/turtle.jpg&#8220; title_text=&#8220;turtle&#8220; _builder_version=&#8220;4.21.0&#8243; _module_preset=&#8220;default&#8220; global_colors_info=&#8220;{}&#8220;][\/et_pb_image][\/et_pb_column][et_pb_column type=&#8220;3_5&#8243; _builder_version=&#8220;4.21.0&#8243; _module_preset=&#8220;default&#8220; global_colors_info=&#8220;{}&#8220;][et_pb_text _builder_version=&#8220;4.21.0&#8243; _module_preset=&#8220;default&#8220; header_4_text_shadow_style=&#8220;preset3&#8243; global_colors_info=&#8220;{}&#8220;]<\/p>\n<p>Steigen Sie an Bord f\u00fcr ein Kajak-Abenteuer auf Teneriffa und erleben Sie Delfine und Schildkr\u00f6ten in ihrer nat\u00fcrlichen Umgebung hautnah. Beobachten Sie die erstaunlichen Kreaturen von einem Schiff aus, das ihnen weder Angst macht noch ihren nat\u00fcrlichen Lebensraum st\u00f6rt. G\u00f6nnen Sie sich als Bonus eine optionale Badepause und schnorcheln Sie mit Schildkr\u00f6ten und Rochen in einer Bucht, die nur mit dem Kajak erreichbar ist.<br \/>Normalerweise kommen innerhalb weniger Minuten neugierige Schildkr\u00f6ten, kommen ganz nah an Sie heran und schwimmen um Sie herum und zwischen Ihnen hindurch. Au\u00dferdem gleiten Bullenrochen regelm\u00e4\u00dfig elegant \u00fcber den Meeresboden unter Ihnen.<\/p>\n<p>[\/et_pb_text][\/et_pb_column][\/et_pb_row][et_pb_row _builder_version=&#8220;4.21.0&#8243; _module_preset=&#8220;default&#8220; global_colors_info=&#8220;{}&#8220;][et_pb_column type=&#8220;4_4&#8243; _builder_version=&#8220;4.21.0&#8243; _module_preset=&#8220;default&#8220; global_colors_info=&#8220;{}&#8220;][et_pb_divider color=&#8220;#000000&#8243; _builder_version=&#8220;4.21.0&#8243; _module_preset=&#8220;default&#8220; global_colors_info=&#8220;{}&#8220;][\/et_pb_divider][\/et_pb_column][\/et_pb_row][et_pb_row column_structure=&#8220;2_5,3_5&#8243; _builder_version=&#8220;4.21.0&#8243; _module_preset=&#8220;default&#8220; global_colors_info=&#8220;{}&#8220;][et_pb_column type=&#8220;2_5&#8243; _builder_version=&#8220;4.21.0&#8243; _module_preset=&#8220;default&#8220; global_colors_info=&#8220;{}&#8220;][et_pb_text _builder_version=&#8220;4.21.0&#8243; _module_preset=&#8220;default&#8220; header_4_text_shadow_style=&#8220;preset3&#8243; global_colors_info=&#8220;{}&#8220;]<\/p>\n<h4 style=\"text-align: center;\">Tiefseefischen<\/h4>\n<p>[\/et_pb_text][et_pb_image src=&#8220;https:\/\/excursionskim.com\/wp-content\/uploads\/2023\/06\/fishing1.jpg&#8220; title_text=&#8220;fishing1&#8243; _builder_version=&#8220;4.21.0&#8243; _module_preset=&#8220;default&#8220; global_colors_info=&#8220;{}&#8220;][\/et_pb_image][et_pb_image src=&#8220;https:\/\/excursionskim.com\/wp-content\/uploads\/2023\/06\/fishing2.jpg&#8220; title_text=&#8220;fishing2&#8243; _builder_version=&#8220;4.21.0&#8243; _module_preset=&#8220;default&#8220; global_colors_info=&#8220;{}&#8220;][\/et_pb_image][\/et_pb_column][et_pb_column type=&#8220;3_5&#8243; _builder_version=&#8220;4.21.0&#8243; _module_preset=&#8220;default&#8220; global_colors_info=&#8220;{}&#8220;][et_pb_text _builder_version=&#8220;4.21.0&#8243; _module_preset=&#8220;default&#8220; header_4_text_shadow_style=&#8220;preset3&#8243; global_colors_info=&#8220;{}&#8220;]<\/p>\n<p>Teneriffa und La Gomera bieten neben einem klaren blauen Himmel, kristallklarem Wasser und der Kulisse des h\u00f6chsten Gipfels im Atlantischen Ozean einige der besten Angelm\u00f6glichkeiten der Welt.<br \/>Da es sich um vulkanische Inseln handelt, liegt das tiefe Wasser direkt au\u00dferhalb des Hafens, so dass keine langen Strecken zur\u00fcckgelegt werden m\u00fcssen.<br \/>Sie k\u00f6nnen das ganze Jahr \u00fcber von Marlin, Thunfisch, Mah Mahi und Wahoo bis hin zu Amberjack, Dentex, Zackenbarsch und Barrakuda sowie einer guten Auswahl mehr angeln. Die professionelle Crew hilft und zeigt den Neulingen und Anf\u00e4ngern die Kunst des Angelns und bietet den ernsthaften Anglern eine Reihe von Optionen, die jeder Angel-Hotspot zu bieten hat.<\/p>\n<p>[\/et_pb_text][\/et_pb_column][\/et_pb_row][et_pb_row _builder_version=&#8220;4.21.0&#8243; _module_preset=&#8220;default&#8220; global_colors_info=&#8220;{}&#8220;][et_pb_column type=&#8220;4_4&#8243; _builder_version=&#8220;4.21.0&#8243; _module_preset=&#8220;default&#8220; global_colors_info=&#8220;{}&#8220;][et_pb_divider color=&#8220;#000000&#8243; _builder_version=&#8220;4.21.0&#8243; _module_preset=&#8220;default&#8220; global_colors_info=&#8220;{}&#8220;][\/et_pb_divider][\/et_pb_column][\/et_pb_row][et_pb_row column_structure=&#8220;2_5,3_5&#8243; _builder_version=&#8220;4.21.0&#8243; _module_preset=&#8220;default&#8220; global_colors_info=&#8220;{}&#8220;][et_pb_column type=&#8220;2_5&#8243; _builder_version=&#8220;4.21.0&#8243; _module_preset=&#8220;default&#8220; global_colors_info=&#8220;{}&#8220;][et_pb_text _builder_version=&#8220;4.21.0&#8243; _module_preset=&#8220;default&#8220; header_4_text_shadow_style=&#8220;preset3&#8243; global_colors_info=&#8220;{}&#8220;]<\/p>\n<h4 style=\"text-align: center;\">Rent a Boat<\/h4>\n<p>[\/et_pb_text][et_pb_image src=&#8220;https:\/\/excursionskim.com\/wp-content\/uploads\/2023\/06\/rentaboat.jpg&#8220; title_text=&#8220;rentaboat&#8220; _builder_version=&#8220;4.21.0&#8243; _module_preset=&#8220;default&#8220; box_shadow_style=&#8220;preset1&#8243; global_colors_info=&#8220;{}&#8220;][\/et_pb_image][\/et_pb_column][et_pb_column type=&#8220;3_5&#8243; _builder_version=&#8220;4.21.0&#8243; _module_preset=&#8220;default&#8220; global_colors_info=&#8220;{}&#8220;][et_pb_text _builder_version=&#8220;4.21.0&#8243; _module_preset=&#8220;default&#8220; header_4_text_shadow_style=&#8220;preset3&#8243; global_colors_info=&#8220;{}&#8220;]<\/p>\n<p>Wollten Sie schon immer Kapit\u00e4n werden? Mieten Sie jetzt ein Boot mit unserem Selbstfahrer-Vermietungsservice. Es ist kein F\u00fchrerschein erforderlich, sodass jeder dieses Schiff bis zu sechs Stunden lang fahren kann.<br \/>Genie\u00dfen Sie einen romantischen Tag mit Ihrem Partner, haben Sie Spa\u00df mit der ganzen Familie oder planen Sie einen Gruppenausflug mit Freunden. Dieses Boot bietet Platz f\u00fcr bis zu f\u00fcnf Passagiere und ist somit perfekt f\u00fcr jeden Anlass.<br \/>Erleben Sie den Nervenkitzel, die wundersch\u00f6ne K\u00fcste Teneriffas nach Ihrem eigenen Zeitplan zu erkunden. Gehen Sie in einer abgelegenen Bucht vor Anker und entdecken Sie die Unterwasserwelt mit unseren kostenlosen Schnorchelmasken.<br \/>Das Boot verf\u00fcgt \u00fcber ein GPS-Navigationssystem, einen Bluetooth-Lautsprecher und eine K\u00fchlbox mit Getr\u00e4nken (bei Anmietung \u00fcber 2 Stunden).<\/p>\n<p>[\/et_pb_text][\/et_pb_column][\/et_pb_row][\/et_pb_section]<\/p>\n","protected":false},"excerpt":{"rendered":"<p>Maritime Ausfl\u00fcge wir empfehlenSchnuppertauchen \u2013 TauchenSchnuppertauchenWussten Sie, dass Sie ohne Lizenz tauchen k\u00f6nnen?Tr\u00e4umen Sie davon, die Barrieren zwischen zwei v\u00f6llig unterschiedlichen Welten zu durchbrechen?Lust auf Adrenalin?Sie befinden sich an einem Ort, an dem Tauchen eine der besten Unterwasserattraktionen ist! Warum versuchst du es nicht einmal?Der erste Atemzug unter Wasser ist etwas, an das Sie sich [&hellip;]<\/p>\n","protected":false},"author":2,"featured_media":0,"parent":0,"menu_order":0,"comment_status":"closed","ping_status":"closed","template":"","meta":{"_et_pb_use_builder":"on","_et_pb_old_content":"","_et_gb_content_width":"","_coblocks_attr":"","_coblocks_dimensions":"","_coblocks_responsive_height":"","_coblocks_accordion_ie_support":"","footnotes":""},"class_list":["post-629","page","type-page","status-publish","hentry"],"_links":{"self":[{"href":"https:\/\/excursionskim.com\/de\/wp-json\/wp\/v2\/pages\/629","targetHints":{"allow":["GET"]}}],"collection":[{"href":"https:\/\/excursionskim.com\/de\/wp-json\/wp\/v2\/pages"}],"about":[{"href":"https:\/\/excursionskim.com\/de\/wp-json\/wp\/v2\/types\/page"}],"author":[{"embeddable":true,"href":"https:\/\/excursionskim.com\/de\/wp-json\/wp\/v2\/users\/2"}],"replies":[{"embeddable":true,"href":"https:\/\/excursionskim.com\/de\/wp-json\/wp\/v2\/comments?post=629"}],"version-history":[{"count":11,"href":"https:\/\/excursionskim.com\/de\/wp-json\/wp\/v2\/pages\/629\/revisions"}],"predecessor-version":[{"id":748,"href":"https:\/\/excursionskim.com\/de\/wp-json\/wp\/v2\/pages\/629\/revisions\/748"}],"wp:attachment":[{"href":"https:\/\/excursionskim.com\/de\/wp-json\/wp\/v2\/media?parent=629"}],"curies":[{"name":"wp","href":"https:\/\/api.w.org\/{rel}","templated":true}]}}