{"id":631,"date":"2023-06-04T17:10:07","date_gmt":"2023-06-04T17:10:07","guid":{"rendered":"https:\/\/excursionskim.com\/whale-watching\/"},"modified":"2024-04-23T19:43:42","modified_gmt":"2024-04-23T19:43:42","slug":"walbeobachtung","status":"publish","type":"page","link":"https:\/\/excursionskim.com\/de\/walbeobachtung\/","title":{"rendered":"Walbeobachtung"},"content":{"rendered":"<p>[et_pb_section fb_built=&#8220;1&#8243; _builder_version=&#8220;4.21.0&#8243; _module_preset=&#8220;default&#8220; custom_padding=&#8220;||2px|||&#8220; global_colors_info=&#8220;{}&#8220;][et_pb_row _builder_version=&#8220;4.21.0&#8243; _module_preset=&#8220;default&#8220; global_colors_info=&#8220;{}&#8220;][et_pb_column type=&#8220;4_4&#8243; _builder_version=&#8220;4.21.0&#8243; _module_preset=&#8220;default&#8220; global_colors_info=&#8220;{}&#8220;][et_pb_text _builder_version=&#8220;4.21.0&#8243; _module_preset=&#8220;c16985e1-e0d6-4022-964d-e2bfc04fa633&#8243; header_font=&#8220;Cinzel||||||||&#8220; header_text_color=&#8220;#000000&#8243; header_font_size=&#8220;90px&#8220; header_3_text_color=&#8220;#000000&#8243; background_layout=&#8220;dark&#8220; header_font_size_tablet=&#8220;40px&#8220; header_font_size_phone=&#8220;38px&#8220; header_font_size_last_edited=&#8220;on|desktop&#8220; text_text_shadow_style=&#8220;preset3&#8243; header_3_text_shadow_style=&#8220;preset3&#8243; header_3_text_shadow_horizontal_length=&#8220;-0.1em&#8220; global_colors_info=&#8220;{}&#8220;]<\/p>\n<h1 style=\"text-align: center;\">Walbeobachtung<\/h1>\n<h3 style=\"text-align: center;\">wir empfehlen<\/h3>\n<p>[\/et_pb_text][\/et_pb_column][\/et_pb_row][\/et_pb_section][et_pb_section fb_built=&#8220;1&#8243; admin_label=&#8220;Section&#8220; _builder_version=&#8220;4.21.0&#8243; _module_preset=&#8220;default&#8220; min_height=&#8220;848.7px&#8220; custom_margin=&#8220;-4px||2px|||&#8220; custom_padding=&#8220;||0px|||&#8220; global_colors_info=&#8220;{}&#8220;][et_pb_row column_structure=&#8220;2_5,3_5&#8243; _builder_version=&#8220;4.21.0&#8243; _module_preset=&#8220;default&#8220; custom_padding=&#8220;15px|||||&#8220; global_colors_info=&#8220;{}&#8220;][et_pb_column type=&#8220;2_5&#8243; _builder_version=&#8220;4.21.0&#8243; _module_preset=&#8220;default&#8220; global_colors_info=&#8220;{}&#8220;][et_pb_text _builder_version=&#8220;4.21.0&#8243; _module_preset=&#8220;default&#8220; header_4_text_shadow_style=&#8220;preset3&#8243; global_colors_info=&#8220;{}&#8220;]<\/p>\n<h4 style=\"text-align: left;\">Segelyacht<\/h4>\n<p>[\/et_pb_text][et_pb_image src=&#8220;https:\/\/excursionskim.com\/wp-content\/uploads\/2023\/06\/boat-atlantic-star.jpeg&#8220; title_text=&#8220;boat atlantic star&#8220; _builder_version=&#8220;4.21.0&#8243; _module_preset=&#8220;default&#8220; global_colors_info=&#8220;{}&#8220;][\/et_pb_image][\/et_pb_column][et_pb_column type=&#8220;3_5&#8243; _builder_version=&#8220;4.21.0&#8243; _module_preset=&#8220;default&#8220; global_colors_info=&#8220;{}&#8220;][et_pb_text _builder_version=&#8220;4.21.0&#8243; _module_preset=&#8220;default&#8220; min_height=&#8220;344.1px&#8220; header_4_text_shadow_style=&#8220;preset3&#8243; global_colors_info=&#8220;{}&#8220;]<\/p>\n<p>Erleben Sie mit einer kleinen Gruppe von bis zu 10 Personen einen unvergesslichen Ausflug auf dem Meer auf diesem Luxus-Segelboot. Diese Yacht ist ein tolles Boot f\u00fcr Familien mit Kindern, Paare oder Freunde, die Wale und\/oder Delfine beobachten m\u00f6chten. Das Boot f\u00e4hrt t\u00e4glich vom Hafen \u201ePuerto Colon\u201c in Costa Adeje ab. Teneriffa ist einer der besten Orte in Europa, um Wale und Delfine zu beobachten. Dies ist auf die warmen Wassertemperaturen, die tiefen Meerestiefen und das reichhaltige Wasser voller N\u00e4hrstoffe f\u00fcr Wale und Delfine zur\u00fcckzuf\u00fchren. Das ganze Jahr \u00fcber k\u00f6nnen Sie zwischen den Inseln Teneriffa und La Gomera Grindwale und Gro\u00dfe T\u00fcmmler beobachten.<br \/>Nachdem wir Wale und\/oder Delfine gesichtet haben, segelt die Yacht nach El Puertito, wo wir zum Schnorcheln anhalten. Hier haben Sie die Wahl zu schwimmen oder an Bord zu bleiben, um ein zus\u00e4tzliches Getr\u00e4nk zu sich zu nehmen. In der Zwischenzeit bereitet die Crew k\u00f6stliche Baguettes zu, die Sie auf dem Boot genie\u00dfen k\u00f6nnen. Nach dem Schnorcheln segeln wir entlang der K\u00fcste zur\u00fcck und erreichen den Hafen von Puerto Colon.<\/p>\n<p>Im Sommer bieten wir die niederl\u00e4ndisch-fl\u00e4mische Bootsfahrt mit niederl\u00e4ndischer F\u00fchrung an.<\/p>\n<p>[\/et_pb_text][et_pb_video src=&#8220;https:\/\/excursionskim.com\/wp-content\/uploads\/2024\/04\/RPReplay_Final1680514181.mp4&#8243; _builder_version=&#8220;4.22.1&#8243; _module_preset=&#8220;default&#8220; title_text=&#8220;RPReplay_Final1680514181&#8243; hover_enabled=&#8220;0&#8243; sticky_enabled=&#8220;0&#8243;][\/et_pb_video][\/et_pb_column][\/et_pb_row][et_pb_row _builder_version=&#8220;4.21.0&#8243; _module_preset=&#8220;default&#8220; global_colors_info=&#8220;{}&#8220;][et_pb_column type=&#8220;4_4&#8243; _builder_version=&#8220;4.21.0&#8243; _module_preset=&#8220;default&#8220; global_colors_info=&#8220;{}&#8220;][et_pb_divider color=&#8220;#000000&#8243; _builder_version=&#8220;4.21.0&#8243; _module_preset=&#8220;default&#8220; global_colors_info=&#8220;{}&#8220;][\/et_pb_divider][\/et_pb_column][\/et_pb_row][\/et_pb_section][et_pb_section fb_built=&#8220;1&#8243; _builder_version=&#8220;4.21.0&#8243; _module_preset=&#8220;default&#8220; custom_margin=&#8220;||||false|false&#8220; custom_padding=&#8220;||||false|false&#8220; global_colors_info=&#8220;{}&#8220;][et_pb_row column_structure=&#8220;2_5,3_5&#8243; _builder_version=&#8220;4.21.0&#8243; _module_preset=&#8220;default&#8220; global_colors_info=&#8220;{}&#8220;][et_pb_column type=&#8220;2_5&#8243; _builder_version=&#8220;4.21.0&#8243; _module_preset=&#8220;default&#8220; global_colors_info=&#8220;{}&#8220;][et_pb_text _builder_version=&#8220;4.21.0&#8243; _module_preset=&#8220;default&#8220; header_4_text_shadow_style=&#8220;preset3&#8243; global_colors_info=&#8220;{}&#8220;]<\/p>\n<h4 style=\"text-align: left;\">Opera 60<\/h4>\n<p>[\/et_pb_text][et_pb_image src=&#8220;https:\/\/excursionskim.com\/wp-content\/uploads\/2023\/06\/Screenshot-2023-06-04-at-18.14.22.png&#8220; title_text=&#8220;Screenshot 2023-06-04 at 18.14.22&#8243; _builder_version=&#8220;4.21.0&#8243; _module_preset=&#8220;default&#8220; global_colors_info=&#8220;{}&#8220;][\/et_pb_image][\/et_pb_column][et_pb_column type=&#8220;3_5&#8243; _builder_version=&#8220;4.21.0&#8243; _module_preset=&#8220;default&#8220; global_colors_info=&#8220;{}&#8220;][et_pb_text _builder_version=&#8220;4.21.0&#8243; _module_preset=&#8220;default&#8220; header_4_text_shadow_style=&#8220;preset3&#8243; global_colors_info=&#8220;{}&#8220;]<\/p>\n<p>Opera 60 ist das gr\u00f6\u00dfte und ger\u00e4umigste Luxus-RIB (Festrumpfschlauchboot) auf Teneriffa.<br \/>Die Opera hat eine L\u00e4nge von 60 Fu\u00df (fast 20 Meter) und 740 PS in zwei VOLVO PENTA-Motoren.<br \/>Dieses gigantische Schnellboot ist stilvoll gestaltet und komplett ausgestattet. Mit hochwertigen Lautsprechern, um die Musik zu genie\u00dfen, gibt es mehrere Sitzbereiche und Sonnenliegen, zwei gro\u00dfe Tische, eine Toilette und Duschen nach dem Schwimmen.<br \/>Die maximale Kapazit\u00e4t liegt bei 45 Personen, bei privaten Charterfl\u00fcgen f\u00e4hrt das Schlauchboot jedoch nie mit mehr als 25 Passagieren. Auf der t\u00e4glichen gemeinsamen Fahrt segelt die Rib mit etwa 15 Personen. W\u00e4hrend des Ausflugs haben Sie die M\u00f6glichkeit, die wunderbare Tierwelt des Atlantischen Ozeans zu beobachten. In unseren Gew\u00e4ssern leben unter anderem Wale, Delfine und Meeresschildkr\u00f6ten. Es ist wirklich ein unglaubliches und wunderbares Gef\u00fchl, die Wale und Delfine frei in ihrem nat\u00fcrlichen Lebensraum schwimmen zu sehen.<br \/>Getr\u00e4nke sind w\u00e4hrend der Reise unbegrenzt und ein Mittagsbuffet gibt es auf der H\u00e4lfte der Reise. W\u00e4hrend die Crew das Mittagessen zubereitet, gehen wir in K\u00fcstenn\u00e4he vor Anker und machen einen Badestopp, wo Sie in das kristallklare Meerwasser springen und den ganzen Stress von K\u00f6rper und Geist abwaschen k\u00f6nnen. Die Crew bereitet die Schnorchelausr\u00fcstung f\u00fcr Sie vor. Nach dem Schnorcheln f\u00e4hrt das Schlauchboot entlang der K\u00fcste von Adeje langsam zur\u00fcck zum Hafen.<\/p>\n<p>[\/et_pb_text][\/et_pb_column][\/et_pb_row][et_pb_row _builder_version=&#8220;4.21.0&#8243; _module_preset=&#8220;default&#8220; global_colors_info=&#8220;{}&#8220;][et_pb_column type=&#8220;4_4&#8243; _builder_version=&#8220;4.21.0&#8243; _module_preset=&#8220;default&#8220; global_colors_info=&#8220;{}&#8220;][et_pb_divider color=&#8220;#000000&#8243; _builder_version=&#8220;4.21.0&#8243; _module_preset=&#8220;default&#8220; global_colors_info=&#8220;{}&#8220;][\/et_pb_divider][\/et_pb_column][\/et_pb_row][et_pb_row column_structure=&#8220;2_5,3_5&#8243; _builder_version=&#8220;4.21.0&#8243; _module_preset=&#8220;default&#8220; custom_margin=&#8220;-23px|auto||auto||&#8220; global_colors_info=&#8220;{}&#8220;][et_pb_column type=&#8220;2_5&#8243; _builder_version=&#8220;4.21.0&#8243; _module_preset=&#8220;default&#8220; global_colors_info=&#8220;{}&#8220;][et_pb_text _builder_version=&#8220;4.21.0&#8243; _module_preset=&#8220;default&#8220; header_4_text_shadow_style=&#8220;preset3&#8243; global_colors_info=&#8220;{}&#8220;]<\/p>\n<h4 style=\"text-align: left;\">Monto Cristo, Catamaran<\/h4>\n<p>[\/et_pb_text][et_pb_image src=&#8220;https:\/\/excursionskim.com\/wp-content\/uploads\/2023\/06\/monto-cristo.jpg&#8220; title_text=&#8220;monto cristo&#8220; _builder_version=&#8220;4.21.0&#8243; _module_preset=&#8220;default&#8220; global_colors_info=&#8220;{}&#8220;][\/et_pb_image][\/et_pb_column][et_pb_column type=&#8220;3_5&#8243; _builder_version=&#8220;4.21.0&#8243; _module_preset=&#8220;default&#8220; global_colors_info=&#8220;{}&#8220;][et_pb_text _builder_version=&#8220;4.21.0&#8243; _module_preset=&#8220;default&#8220; header_4_text_shadow_style=&#8220;preset3&#8243; global_colors_info=&#8220;{}&#8220;]<\/p>\n<p>Monto Cristo ist ein kleiner Catermaran, der mit einer kleinen Gruppe segelt. Die freundliche und erfahrene Crew hei\u00dft Sie an Bord willkommen und bringt Sie von Puerto Colon aus direkt zur Entdeckung der wunderbaren Welt der Wale und Delfine, die frei in ihrem nat\u00fcrlichen Lebensraum an der K\u00fcste schwimmen. Anschlie\u00dfend k\u00f6nnen Sie auf unseren gro\u00dfz\u00fcgigen Sonnendecks und der Flybridge entspannen und eine wunderbare Auswahl an Getr\u00e4nken, Obst, Snacks, Tapas und mehr genie\u00dfen.<br \/>Nach der Beobachtung h\u00e4lt das Boot an einer Bucht, wo Sie die M\u00f6glichkeit haben, zu schwimmen, zu schnorcheln oder einfach nur die Sonne vor den wundersch\u00f6nen Bergen Teneriffas zu genie\u00dfen.<\/p>\n<p>Abfahrtszeit:<br \/>09:30 bis 12:30 Uhr<br \/>12:30 bis 15:30 Uhr<br \/>15:30 bis 18:30 Uhr<br \/>18:30 bis 21:30 Uhr<\/p>\n<p>[\/et_pb_text][\/et_pb_column][\/et_pb_row][et_pb_row _builder_version=&#8220;4.21.0&#8243; _module_preset=&#8220;default&#8220; global_colors_info=&#8220;{}&#8220;][et_pb_column type=&#8220;4_4&#8243; _builder_version=&#8220;4.21.0&#8243; _module_preset=&#8220;default&#8220; global_colors_info=&#8220;{}&#8220;][et_pb_divider color=&#8220;#000000&#8243; _builder_version=&#8220;4.21.0&#8243; _module_preset=&#8220;default&#8220; global_colors_info=&#8220;{}&#8220;][\/et_pb_divider][\/et_pb_column][\/et_pb_row][et_pb_row column_structure=&#8220;2_5,3_5&#8243; _builder_version=&#8220;4.21.0&#8243; _module_preset=&#8220;default&#8220; custom_margin=&#8220;-23px|auto||auto||&#8220; global_colors_info=&#8220;{}&#8220;][et_pb_column type=&#8220;2_5&#8243; _builder_version=&#8220;4.21.0&#8243; _module_preset=&#8220;default&#8220; global_colors_info=&#8220;{}&#8220;][et_pb_text _builder_version=&#8220;4.21.0&#8243; _module_preset=&#8220;default&#8220; header_4_text_shadow_style=&#8220;preset3&#8243; global_colors_info=&#8220;{}&#8220;]<\/p>\n<h4 style=\"text-align: left;\">Sunseeker Portofino 35<\/h4>\n<p>[\/et_pb_text][et_pb_image src=&#8220;https:\/\/excursionskim.com\/wp-content\/uploads\/2023\/06\/sunseeker.jpeg&#8220; title_text=&#8220;sunseeker&#8220; _builder_version=&#8220;4.21.0&#8243; _module_preset=&#8220;default&#8220; global_colors_info=&#8220;{}&#8220;][\/et_pb_image][\/et_pb_column][et_pb_column type=&#8220;3_5&#8243; _builder_version=&#8220;4.21.0&#8243; _module_preset=&#8220;default&#8220; global_colors_info=&#8220;{}&#8220;][et_pb_text _builder_version=&#8220;4.21.0&#8243; _module_preset=&#8220;default&#8220; header_4_text_shadow_style=&#8220;preset3&#8243; global_colors_info=&#8220;{}&#8220;]<\/p>\n<p>Wir laden Sie ein, au\u00dfergew\u00f6hnlichen Komfort, Luxus und Geschwindigkeit zu genie\u00dfen.<\/p>\n<p>Mit der luxuri\u00f6sen Sunseeker Portofino 35 k\u00f6nnen Sie selbst den schnellsten Delfin oder Wal \u00fcberholen. Sie k\u00f6nnen diese erstaunlichen Meereslebewesen in ihrem nat\u00fcrlichen Lebensraum beobachten und ihre Gesellschaft genie\u00dfen.<br \/>Es gibt einfach keine luxuri\u00f6sere Art, die Costa Adeje zu genie\u00dfen. Sie, Ihre Familie und Freunde werden angenehm \u00fcberrascht sein. Dieses Luxus-Sportboot ist ein Meisterwerk au\u00dfergew\u00f6hnlich anmutigen Designs, fortschrittlicher Systeme und moderner Schiffsbaukunst. Ausgestattet mit allen Annehmlichkeiten: Dusche, WC, gro\u00dfe Kabine, gem\u00fctliche Lounge, K\u00fcche.<\/p>\n<p>M\u00f6chten Sie Luxus, Komfort und Geschwindigkeit? Dann ist die Sunseeker Portofino 35 genau das Richtige f\u00fcr Sie, denn Sie haben es verdient.<\/p>\n<p>Und damit Sie sich satt und gl\u00fccklich f\u00fchlen, k\u00f6nnen Sie alkoholfreie Getr\u00e4nke, verschiedene warme und kalte Snacks sowie exotische Fr\u00fcchte genie\u00dfen, die im Reisepreis enthalten sind.<br \/>Genie\u00dfen Sie eine private Motorbootfahrt auf den wundersch\u00f6nen Gew\u00e4ssern der Costa Adeje auf Teneriffa, erkunden Sie versteckte Str\u00e4nde, schnorcheln und schwimmen Sie.<br \/>Privatcharter 3H<br \/>Das Boot bietet Platz f\u00fcr bis zu 7 Personen.<\/p>\n<p>[\/et_pb_text][\/et_pb_column][\/et_pb_row][et_pb_row _builder_version=&#8220;4.21.0&#8243; _module_preset=&#8220;default&#8220; global_colors_info=&#8220;{}&#8220;][et_pb_column type=&#8220;4_4&#8243; _builder_version=&#8220;4.21.0&#8243; _module_preset=&#8220;default&#8220; global_colors_info=&#8220;{}&#8220;][et_pb_divider color=&#8220;#000000&#8243; _builder_version=&#8220;4.21.0&#8243; _module_preset=&#8220;default&#8220; global_colors_info=&#8220;{}&#8220;][\/et_pb_divider][\/et_pb_column][\/et_pb_row][\/et_pb_section]<\/p>\n","protected":false},"excerpt":{"rendered":"<p>Walbeobachtung wir empfehlenSegelyachtErleben Sie mit einer kleinen Gruppe von bis zu 10 Personen einen unvergesslichen Ausflug auf dem Meer auf diesem Luxus-Segelboot. Diese Yacht ist ein tolles Boot f\u00fcr Familien mit Kindern, Paare oder Freunde, die Wale und\/oder Delfine beobachten m\u00f6chten. Das Boot f\u00e4hrt t\u00e4glich vom Hafen \u201ePuerto Colon\u201c in Costa Adeje ab. Teneriffa ist [&hellip;]<\/p>\n","protected":false},"author":2,"featured_media":0,"parent":0,"menu_order":0,"comment_status":"closed","ping_status":"closed","template":"","meta":{"_et_pb_use_builder":"on","_et_pb_old_content":"","_et_gb_content_width":"","_coblocks_attr":"","_coblocks_dimensions":"","_coblocks_responsive_height":"","_coblocks_accordion_ie_support":"","footnotes":""},"class_list":["post-631","page","type-page","status-publish","hentry"],"_links":{"self":[{"href":"https:\/\/excursionskim.com\/de\/wp-json\/wp\/v2\/pages\/631","targetHints":{"allow":["GET"]}}],"collection":[{"href":"https:\/\/excursionskim.com\/de\/wp-json\/wp\/v2\/pages"}],"about":[{"href":"https:\/\/excursionskim.com\/de\/wp-json\/wp\/v2\/types\/page"}],"author":[{"embeddable":true,"href":"https:\/\/excursionskim.com\/de\/wp-json\/wp\/v2\/users\/2"}],"replies":[{"embeddable":true,"href":"https:\/\/excursionskim.com\/de\/wp-json\/wp\/v2\/comments?post=631"}],"version-history":[{"count":9,"href":"https:\/\/excursionskim.com\/de\/wp-json\/wp\/v2\/pages\/631\/revisions"}],"predecessor-version":[{"id":832,"href":"https:\/\/excursionskim.com\/de\/wp-json\/wp\/v2\/pages\/631\/revisions\/832"}],"wp:attachment":[{"href":"https:\/\/excursionskim.com\/de\/wp-json\/wp\/v2\/media?parent=631"}],"curies":[{"name":"wp","href":"https:\/\/api.w.org\/{rel}","templated":true}]}}